{"id":1371,"date":"2023-02-16T01:18:38","date_gmt":"2023-02-16T09:18:38","guid":{"rendered":"https:\/\/sdfas.wpengine.com\/centre-des-medias\/"},"modified":"2024-12-06T11:12:30","modified_gmt":"2024-12-06T19:12:30","slug":"centre-des-medias","status":"publish","type":"page","link":"https:\/\/www.sdfas.org\/fr\/centre-des-medias\/","title":{"rendered":"Centre des m\u00e9dias"},"content":{"rendered":"\t\t<div data-elementor-type=\"wp-page\" data-elementor-id=\"1371\" class=\"elementor elementor-1371 elementor-730\" data-elementor-post-type=\"page\">\n\t\t\t\t\t\t<section class=\"elementor-section elementor-top-section elementor-element elementor-element-53a496b sec-text elementor-section-boxed elementor-section-height-default elementor-section-height-default\" data-id=\"53a496b\" data-element_type=\"section\" data-e-type=\"section\">\n\t\t\t\t\t\t<div class=\"elementor-container elementor-column-gap-default\">\n\t\t\t\t\t<div class=\"elementor-column elementor-col-100 elementor-top-column elementor-element elementor-element-2b65791\" data-id=\"2b65791\" data-element_type=\"column\" data-e-type=\"column\">\n\t\t\t<div class=\"elementor-widget-wrap elementor-element-populated\">\n\t\t\t\t\t\t<div class=\"elementor-element elementor-element-9855a5c intro elementor-widget elementor-widget-heading\" data-id=\"9855a5c\" data-element_type=\"widget\" data-e-type=\"widget\" data-widget_type=\"heading.default\">\n\t\t\t\t<div class=\"elementor-widget-container\">\n\t\t\t\t\t<div class=\"elementor-heading-title elementor-size-default\">Centre des m\u00e9dias<\/div>\t\t\t\t<\/div>\n\t\t\t\t<\/div>\n\t\t\t\t<div class=\"elementor-element elementor-element-6bea93b elementor-widget elementor-widget-heading\" data-id=\"6bea93b\" data-element_type=\"widget\" data-e-type=\"widget\" data-widget_type=\"heading.default\">\n\t\t\t\t<div class=\"elementor-widget-container\">\n\t\t\t\t\t<h1 class=\"elementor-heading-title elementor-size-default\">18 000 livres et ce n'est pas fini.<\/h1>\t\t\t\t<\/div>\n\t\t\t\t<\/div>\n\t\t\t\t<div class=\"elementor-element elementor-element-c0c8d06 elementor-widget elementor-widget-spacer\" data-id=\"c0c8d06\" data-element_type=\"widget\" data-e-type=\"widget\" data-widget_type=\"spacer.default\">\n\t\t\t\t<div class=\"elementor-widget-container\">\n\t\t\t\t\t\t\t<div class=\"elementor-spacer\">\n\t\t\t<div class=\"elementor-spacer-inner\"><\/div>\n\t\t<\/div>\n\t\t\t\t\t\t<\/div>\n\t\t\t\t<\/div>\n\t\t\t\t\t<\/div>\n\t\t<\/div>\n\t\t\t\t\t<\/div>\n\t\t<\/section>\n\t\t\t\t<section class=\"elementor-section elementor-top-section elementor-element elementor-element-7c560d9 elementor-section-full_width masked-image elementor-section-height-min-height elementor-section-height-default elementor-section-items-middle\" data-id=\"7c560d9\" data-element_type=\"section\" data-e-type=\"section\" data-settings=\"{&quot;background_background&quot;:&quot;classic&quot;,&quot;shape_divider_top&quot;:&quot;triangle&quot;,&quot;shape_divider_bottom&quot;:&quot;triangle&quot;,&quot;background_motion_fx_motion_fx_scrolling&quot;:&quot;yes&quot;,&quot;background_motion_fx_scale_effect&quot;:&quot;yes&quot;,&quot;background_motion_fx_scale_speed&quot;:{&quot;unit&quot;:&quot;px&quot;,&quot;size&quot;:9,&quot;sizes&quot;:[]},&quot;background_motion_fx_scale_range&quot;:{&quot;unit&quot;:&quot;%&quot;,&quot;size&quot;:&quot;&quot;,&quot;sizes&quot;:{&quot;start&quot;:0,&quot;end&quot;:75}},&quot;background_motion_fx_range&quot;:&quot;viewport&quot;,&quot;background_motion_fx_scale_direction&quot;:&quot;out-in&quot;,&quot;background_motion_fx_devices&quot;:[&quot;desktop&quot;,&quot;tablet&quot;,&quot;mobile&quot;]}\">\n\t\t\t\t\t\t\t<div class=\"elementor-background-overlay\"><\/div>\n\t\t\t\t\t\t<div class=\"elementor-shape elementor-shape-top\" aria-hidden=\"true\" data-negative=\"false\">\n\t\t\t<svg xmlns=\"http:\/\/www.w3.org\/2000\/svg\" viewBox=\"0 0 1000 100\" preserveAspectRatio=\"none\">\n\t<path class=\"elementor-shape-fill\" d=\"M500,98.9L0,6.1V0h1000v6.1L500,98.9z\"\/>\n<\/svg>\t\t<\/div>\n\t\t\t\t<div class=\"elementor-shape elementor-shape-bottom\" aria-hidden=\"true\" data-negative=\"false\">\n\t\t\t<svg xmlns=\"http:\/\/www.w3.org\/2000\/svg\" viewBox=\"0 0 1000 100\" preserveAspectRatio=\"none\">\n\t<path class=\"elementor-shape-fill\" d=\"M500,98.9L0,6.1V0h1000v6.1L500,98.9z\"\/>\n<\/svg>\t\t<\/div>\n\t\t\t\t\t<div class=\"elementor-container elementor-column-gap-no\">\n\t\t\t\t\t<div class=\"elementor-column elementor-col-100 elementor-top-column elementor-element elementor-element-1cba5ff\" data-id=\"1cba5ff\" data-element_type=\"column\" data-e-type=\"column\">\n\t\t\t<div class=\"elementor-widget-wrap elementor-element-populated\">\n\t\t\t\t\t\t<div class=\"elementor-element elementor-element-69fe041 elementor-widget elementor-widget-spacer\" data-id=\"69fe041\" data-element_type=\"widget\" data-e-type=\"widget\" data-widget_type=\"spacer.default\">\n\t\t\t\t<div class=\"elementor-widget-container\">\n\t\t\t\t\t\t\t<div class=\"elementor-spacer\">\n\t\t\t<div class=\"elementor-spacer-inner\"><\/div>\n\t\t<\/div>\n\t\t\t\t\t\t<\/div>\n\t\t\t\t<\/div>\n\t\t\t\t\t<\/div>\n\t\t<\/div>\n\t\t\t\t\t<\/div>\n\t\t<\/section>\n\t\t\t\t<section class=\"elementor-section elementor-top-section elementor-element elementor-element-94a28c5 sec-text elementor-section-boxed elementor-section-height-default elementor-section-height-default\" data-id=\"94a28c5\" data-element_type=\"section\" data-e-type=\"section\">\n\t\t\t\t\t\t<div class=\"elementor-container elementor-column-gap-default\">\n\t\t\t\t\t<div class=\"elementor-column elementor-col-100 elementor-top-column elementor-element elementor-element-97b1798\" data-id=\"97b1798\" data-element_type=\"column\" data-e-type=\"column\">\n\t\t\t<div class=\"elementor-widget-wrap elementor-element-populated\">\n\t\t\t\t\t\t<div class=\"elementor-element elementor-element-9f5c588 elementor-widget elementor-widget-spacer\" data-id=\"9f5c588\" data-element_type=\"widget\" data-e-type=\"widget\" data-widget_type=\"spacer.default\">\n\t\t\t\t<div class=\"elementor-widget-container\">\n\t\t\t\t\t\t\t<div class=\"elementor-spacer\">\n\t\t\t<div class=\"elementor-spacer-inner\"><\/div>\n\t\t<\/div>\n\t\t\t\t\t\t<\/div>\n\t\t\t\t<\/div>\n\t\t\t\t<div class=\"elementor-element elementor-element-477f1da elementor-widget elementor-widget-text-editor\" data-id=\"477f1da\" data-element_type=\"widget\" data-e-type=\"widget\" data-widget_type=\"text-editor.default\">\n\t\t\t\t<div class=\"elementor-widget-container\">\n\t\t\t\t\t\t\t\t\t<p>Situ\u00e9e dans le b\u00e2timent de l&rsquo;\u00e9cole \u00e9l\u00e9mentaire, la m\u00e9diath\u00e8que est ouverte du lundi au vendredi, de 8h30 \u00e0 15h15. La collection compte plus de 18 000 livres en fran\u00e7ais, anglais et espagnol, ainsi que des livres audio et des magazines en fran\u00e7ais.<\/p>\n\t\t\t\t\t\t\t\t<\/div>\n\t\t\t\t<\/div>\n\t\t\t\t<div class=\"elementor-element elementor-element-628e622 elementor-widget elementor-widget-text-editor\" data-id=\"628e622\" data-element_type=\"widget\" data-e-type=\"widget\" data-widget_type=\"text-editor.default\">\n\t\t\t\t<div class=\"elementor-widget-container\">\n\t\t\t\t\t\t\t\t\t<p>Tous les \u00e9l\u00e8ves se rendent r\u00e9guli\u00e8rement \u00e0 la m\u00e9diath\u00e8que avec leurs enseignants pour \u00e9couter des histoires, mener des projets de recherche ou emprunter des livres. L&rsquo;horaire et les r\u00e8gles d&#8217;emprunt sont expliqu\u00e9s par chaque enseignant au d\u00e9but de l&rsquo;ann\u00e9e scolaire.<\/p>\n\t\t\t\t\t\t\t\t<\/div>\n\t\t\t\t<\/div>\n\t\t\t\t<div class=\"elementor-element elementor-element-7d1dffb elementor-widget elementor-widget-text-editor\" data-id=\"7d1dffb\" data-element_type=\"widget\" data-e-type=\"widget\" data-widget_type=\"text-editor.default\">\n\t\t\t\t<div class=\"elementor-widget-container\">\n\t\t\t\t\t\t\t\t\t<p><strong>Consulter les ouvrages de la biblioth\u00e8que<\/strong><br>Des nouvelles passionnantes ! Le catalogue de la biblioth\u00e8que est d\u00e9sormais accessible en ligne : <a href=\"http:\/\/library.sdfrenchschool.org\/\" target=\"_blank\" rel=\"noopener\">catalogue de la biblioth\u00e8que<\/a>.<br>Afin de r\u00e9server des livres pour vos enfants, vous aurez besoin d&rsquo;un login et d&rsquo;un pin. Envoyez un courriel comprenant vos nom et pr\u00e9nom ainsi que votre adresse \u00e9lectronique \u00e0 <a href=\"mailto:library@sdfas.org\">library@sdfas.org,<\/a> et Anne Ricart les cr\u00e9era pour vous.<\/p>\n<p>Une fois que vous avez effectu\u00e9 une r\u00e9servation (cliquez sur le bouton \u00ab\u00a0R\u00e9server\u00a0\u00bb sous l&rsquo;image de la couverture de chaque livre), le biblioth\u00e9caire en sera inform\u00e9. Les livres seront emprunt\u00e9s \u00e0 votre nom et vous recevrez un courriel vous informant de l&rsquo;heure \u00e0 laquelle les livres vous seront remis (g\u00e9n\u00e9ralement \u00e0 l&rsquo;heure de la fin de l&rsquo;\u00e9cole).<\/p>\n<p><strong>Dons de livres<\/strong><br>Les dons de livres sont les bienvenus, pour autant qu&rsquo;ils respectent les crit\u00e8res suivants : livres pour enfants uniquement, publi\u00e9s apr\u00e8s 2010, en excellent \u00e9tat et de pr\u00e9f\u00e9rence en fran\u00e7ais.<\/p>\n<p><strong>Abonnements \u00e0 des magazines et \u00e0 des livres<\/strong><br>Par l&rsquo;interm\u00e9diaire de la biblioth\u00e8que, les parents peuvent <a href=\"https:\/\/www.sdfas.org\/wp-content\/uploads\/2023\/02\/french-books-and-magazines-2.pdf\" target=\"_blank\" rel=\"noopener\">s&rsquo;abonner \u00e0 des magazines et acheter des livres<\/a> aupr\u00e8s des \u00e9diteurs suivants : l&rsquo;\u00e9cole des loisirs, Milan, Bayard et Scholastic.<\/p>\n<p>Toutes vos commandes encouragent votre enfant \u00e0 lire et aident l&rsquo;\u00e9cole \u00e0 acqu\u00e9rir davantage de livres pour la biblioth\u00e8que.<\/p>\n<p>Pour toutes questions li\u00e9es \u00e0 la biblioth\u00e8que, veuillez contacter Anne Ricart, biblioth\u00e9caire scolaire, <a href=\"mailto:library@sdfas.org\">library@sdfas.org<\/a>.<\/p>\t\t\t\t\t\t\t\t<\/div>\n\t\t\t\t<\/div>\n\t\t\t\t\t<\/div>\n\t\t<\/div>\n\t\t\t\t\t<\/div>\n\t\t<\/section>\n\t\t\t\t<section class=\"elementor-section elementor-top-section elementor-element elementor-element-4530860 elementor-section-boxed elementor-section-height-default elementor-section-height-default\" data-id=\"4530860\" data-element_type=\"section\" data-e-type=\"section\">\n\t\t\t\t\t\t<div class=\"elementor-container elementor-column-gap-default\">\n\t\t\t\t\t<div class=\"elementor-column elementor-col-100 elementor-top-column elementor-element elementor-element-07d5c1a\" data-id=\"07d5c1a\" data-element_type=\"column\" data-e-type=\"column\">\n\t\t\t<div class=\"elementor-widget-wrap elementor-element-populated\">\n\t\t\t\t\t\t<div class=\"elementor-element elementor-element-f605337 elementor-widget elementor-widget-spacer\" data-id=\"f605337\" data-element_type=\"widget\" data-e-type=\"widget\" data-widget_type=\"spacer.default\">\n\t\t\t\t<div class=\"elementor-widget-container\">\n\t\t\t\t\t\t\t<div class=\"elementor-spacer\">\n\t\t\t<div class=\"elementor-spacer-inner\"><\/div>\n\t\t<\/div>\n\t\t\t\t\t\t<\/div>\n\t\t\t\t<\/div>\n\t\t\t\t\t<\/div>\n\t\t<\/div>\n\t\t\t\t\t<\/div>\n\t\t<\/section>\n\t\t\t\t<\/div>\n\t\t","protected":false},"excerpt":{"rendered":"<p>Centre des m\u00e9dias 18 000 livres et ce n&rsquo;est pas fini. Situ\u00e9e dans le b\u00e2timent de l&rsquo;\u00e9cole \u00e9l\u00e9mentaire, la m\u00e9diath\u00e8que est ouverte du lundi au vendredi, de 8h30 \u00e0 15h15. La collection compte plus de 18 000 livres en fran\u00e7ais, anglais et espagnol, ainsi que des livres audio et des magazines en fran\u00e7ais. Tous les [&hellip;]<\/p>\n","protected":false},"author":3,"featured_media":0,"parent":0,"menu_order":0,"comment_status":"closed","ping_status":"closed","template":"","meta":{"_acf_changed":false,"om_disable_all_campaigns":false,"_monsterinsights_skip_tracking":false,"_monsterinsights_sitenote_active":false,"_monsterinsights_sitenote_note":"","_monsterinsights_sitenote_category":0,"footnotes":""},"class_list":["post-1371","page","type-page","status-publish","hentry"],"acf":[],"aioseo_notices":[],"_links":{"self":[{"href":"https:\/\/www.sdfas.org\/fr\/wp-json\/wp\/v2\/pages\/1371","targetHints":{"allow":["GET"]}}],"collection":[{"href":"https:\/\/www.sdfas.org\/fr\/wp-json\/wp\/v2\/pages"}],"about":[{"href":"https:\/\/www.sdfas.org\/fr\/wp-json\/wp\/v2\/types\/page"}],"author":[{"embeddable":true,"href":"https:\/\/www.sdfas.org\/fr\/wp-json\/wp\/v2\/users\/3"}],"replies":[{"embeddable":true,"href":"https:\/\/www.sdfas.org\/fr\/wp-json\/wp\/v2\/comments?post=1371"}],"version-history":[{"count":0,"href":"https:\/\/www.sdfas.org\/fr\/wp-json\/wp\/v2\/pages\/1371\/revisions"}],"wp:attachment":[{"href":"https:\/\/www.sdfas.org\/fr\/wp-json\/wp\/v2\/media?parent=1371"}],"curies":[{"name":"wp","href":"https:\/\/api.w.org\/{rel}","templated":true}]}}