{"id":1378,"date":"2023-02-15T18:53:26","date_gmt":"2023-02-16T02:53:26","guid":{"rendered":"https:\/\/sdfas.wpengine.com\/donner\/fonds-annuel\/"},"modified":"2023-03-10T17:10:49","modified_gmt":"2023-03-10T17:10:49","slug":"fonds-annuel","status":"publish","type":"page","link":"https:\/\/www.sdfas.org\/fr\/donner\/fonds-annuel\/","title":{"rendered":"Fonds annuel"},"content":{"rendered":"\t\t<div data-elementor-type=\"wp-page\" data-elementor-id=\"1378\" class=\"elementor elementor-1378 elementor-687\" data-elementor-post-type=\"page\">\n\t\t\t\t\t\t<section class=\"elementor-section elementor-top-section elementor-element elementor-element-53a496b sec-text elementor-section-boxed elementor-section-height-default elementor-section-height-default\" data-id=\"53a496b\" data-element_type=\"section\" data-e-type=\"section\">\n\t\t\t\t\t\t<div class=\"elementor-container elementor-column-gap-default\">\n\t\t\t\t\t<div class=\"elementor-column elementor-col-100 elementor-top-column elementor-element elementor-element-2b65791\" data-id=\"2b65791\" data-element_type=\"column\" data-e-type=\"column\">\n\t\t\t<div class=\"elementor-widget-wrap elementor-element-populated\">\n\t\t\t\t\t\t<div class=\"elementor-element elementor-element-9855a5c intro elementor-widget elementor-widget-heading\" data-id=\"9855a5c\" data-element_type=\"widget\" data-e-type=\"widget\" data-widget_type=\"heading.default\">\n\t\t\t\t<div class=\"elementor-widget-container\">\n\t\t\t\t\t<div class=\"elementor-heading-title elementor-size-default\">Fonds annuel<\/div>\t\t\t\t<\/div>\n\t\t\t\t<\/div>\n\t\t\t\t<div class=\"elementor-element elementor-element-6bea93b elementor-widget elementor-widget-heading\" data-id=\"6bea93b\" data-element_type=\"widget\" data-e-type=\"widget\" data-widget_type=\"heading.default\">\n\t\t\t\t<div class=\"elementor-widget-container\">\n\t\t\t\t\t<h1 class=\"elementor-heading-title elementor-size-default\">Investir dans l'enseignement bilingue.<\/h1>\t\t\t\t<\/div>\n\t\t\t\t<\/div>\n\t\t\t\t<div class=\"elementor-element elementor-element-c0c8d06 elementor-widget elementor-widget-spacer\" data-id=\"c0c8d06\" data-element_type=\"widget\" data-e-type=\"widget\" data-widget_type=\"spacer.default\">\n\t\t\t\t<div class=\"elementor-widget-container\">\n\t\t\t\t\t\t\t<div class=\"elementor-spacer\">\n\t\t\t<div class=\"elementor-spacer-inner\"><\/div>\n\t\t<\/div>\n\t\t\t\t\t\t<\/div>\n\t\t\t\t<\/div>\n\t\t\t\t\t<\/div>\n\t\t<\/div>\n\t\t\t\t\t<\/div>\n\t\t<\/section>\n\t\t\t\t<section class=\"elementor-section elementor-top-section elementor-element elementor-element-807684a sec-text elementor-section-boxed elementor-section-height-default elementor-section-height-default\" data-id=\"807684a\" data-element_type=\"section\" data-e-type=\"section\">\n\t\t\t\t\t\t<div class=\"elementor-container elementor-column-gap-default\">\n\t\t\t\t\t<div class=\"elementor-column elementor-col-100 elementor-top-column elementor-element elementor-element-a13e5c5\" data-id=\"a13e5c5\" data-element_type=\"column\" data-e-type=\"column\">\n\t\t\t<div class=\"elementor-widget-wrap elementor-element-populated\">\n\t\t\t\t\t\t<div class=\"elementor-element elementor-element-76ba9ea elementor-widget elementor-widget-text-editor\" data-id=\"76ba9ea\" data-element_type=\"widget\" data-e-type=\"widget\" data-widget_type=\"text-editor.default\">\n\t\t\t\t<div class=\"elementor-widget-container\">\n\t\t\t\t\t\t\t\t\t<p>Les dons g\u00e9n\u00e9reux comme le v\u00f4tre soutiennent les initiatives qui font de l&rsquo;Ecole franco-am\u00e9ricaine de San Diego un \u00e9tablissement exceptionnel, am\u00e9liorant les salles de classe tout en pr\u00e9parant notre avenir.<\/p>\n\t\t\t\t\t\t\t\t<\/div>\n\t\t\t\t<\/div>\n\t\t\t\t<div class=\"elementor-element elementor-element-ef55a47 elementor-widget elementor-widget-text-editor\" data-id=\"ef55a47\" data-element_type=\"widget\" data-e-type=\"widget\" data-widget_type=\"text-editor.default\">\n\t\t\t\t<div class=\"elementor-widget-container\">\n\t\t\t\t\t\t\t\t\t<p>Le Fonds annuel r\u00e9pond aux besoins les plus importants de l&rsquo;\u00e9cole, permettant aux dirigeants d&rsquo;orienter les fonds au moment et \u00e0 l&rsquo;endroit o\u00f9 ils sont le plus n\u00e9cessaires, en soutenant le d\u00e9veloppement professionnel, la technologie \u00e9ducative, les programmes et les ressources scolaires, la modernisation des salles de classe, la musique, les arts, l&rsquo;aide financi\u00e8re, et bien plus encore. Votre don d\u00e9ductible des imp\u00f4ts permet \u00e0 nos enseignants et \u00e0 nos \u00e9l\u00e8ves d&rsquo;accomplir un travail remarquable ann\u00e9e apr\u00e8s ann\u00e9e. Les niveaux \u00e9lev\u00e9s de participation des parents, du personnel et des membres de la gouvernance permettent \u00e9galement \u00e0 l&rsquo;\u00e9cole d&rsquo;obtenir un soutien suppl\u00e9mentaire de la part de fondations, d&rsquo;entreprises et d&rsquo;autres personnes d\u00e9sireuses d&rsquo;investir dans l&rsquo;\u00e9cole. Cette ann\u00e9e, le Fonds annuel contribuera \u00e9galement \u00e0 soutenir les mesures essentielles de r\u00e9ponse \u00e0 la pand\u00e9mie COVID-19.<\/p>\n<p>Tous les dons, quelle que soit leur taille, font la diff\u00e9rence et am\u00e9liorent l&rsquo;\u00e9ducation de tous les \u00e9l\u00e8ves de l&rsquo;Ecole franco-am\u00e9ricaine de San Diego. Nous nous effor\u00e7ons d&rsquo;obtenir une participation de 100 % des parents. En faisant un don au Fonds annuel, vous manifestez votre fiert\u00e9 et votre confiance dans l&rsquo;\u00e9cole, et vous incitez d&rsquo;autres personnes \u00e0 vous rejoindre.<\/p>\n<p><strong>Aidez-nous \u00e0 construire leur avenir ! Soutenez le Fonds annuel d\u00e8s aujourd&rsquo;hui !<\/strong><\/p>\t\t\t\t\t\t\t\t<\/div>\n\t\t\t\t<\/div>\n\t\t\t\t\t<\/div>\n\t\t<\/div>\n\t\t\t\t\t<\/div>\n\t\t<\/section>\n\t\t\t\t<section class=\"elementor-section elementor-top-section elementor-element elementor-element-8305d67 elementor-section-boxed elementor-section-height-default elementor-section-height-default\" data-id=\"8305d67\" data-element_type=\"section\" data-e-type=\"section\">\n\t\t\t\t\t\t<div class=\"elementor-container elementor-column-gap-default\">\n\t\t\t\t\t<div class=\"elementor-column elementor-col-100 elementor-top-column elementor-element elementor-element-4f18133\" data-id=\"4f18133\" data-element_type=\"column\" data-e-type=\"column\">\n\t\t\t<div class=\"elementor-widget-wrap elementor-element-populated\">\n\t\t\t\t\t\t<div class=\"elementor-element elementor-element-4862770 elementor-align-center elementor-mobile-align-center elementor-widget elementor-widget-button\" data-id=\"4862770\" data-element_type=\"widget\" data-e-type=\"widget\" data-widget_type=\"button.default\">\n\t\t\t\t<div class=\"elementor-widget-container\">\n\t\t\t\t\t\t\t\t\t<div class=\"elementor-button-wrapper\">\n\t\t\t\t\t<a class=\"elementor-button elementor-button-link elementor-size-md\" href=\"https:\/\/forms.diamondmindinc.com\/sdfrenchschool\/annualfund?token=1230285245\" target=\"_blank\">\n\t\t\t\t\t\t<span class=\"elementor-button-content-wrapper\">\n\t\t\t\t\t\t\t\t\t<span class=\"elementor-button-text\">Soutenez-nous<\/span>\n\t\t\t\t\t<\/span>\n\t\t\t\t\t<\/a>\n\t\t\t\t<\/div>\n\t\t\t\t\t\t\t\t<\/div>\n\t\t\t\t<\/div>\n\t\t\t\t\t<\/div>\n\t\t<\/div>\n\t\t\t\t\t<\/div>\n\t\t<\/section>\n\t\t\t\t<section class=\"elementor-section elementor-top-section elementor-element elementor-element-cee0c84 sec-text elementor-section-boxed elementor-section-height-default elementor-section-height-default\" data-id=\"cee0c84\" data-element_type=\"section\" data-e-type=\"section\">\n\t\t\t\t\t\t<div class=\"elementor-container elementor-column-gap-default\">\n\t\t\t\t\t<div class=\"elementor-column elementor-col-100 elementor-top-column elementor-element elementor-element-0ade09b\" data-id=\"0ade09b\" data-element_type=\"column\" data-e-type=\"column\">\n\t\t\t<div class=\"elementor-widget-wrap elementor-element-populated\">\n\t\t\t\t\t\t<div class=\"elementor-element elementor-element-3edf45b elementor-widget elementor-widget-text-editor\" data-id=\"3edf45b\" data-element_type=\"widget\" data-e-type=\"widget\" data-widget_type=\"text-editor.default\">\n\t\t\t\t<div class=\"elementor-widget-container\">\n\t\t\t\t\t\t\t\t\t<p><strong>Engagements<\/strong><br \/>Il est \u00e9galement possible de s&rsquo;engager \u00e0 faire un don plus tard dans l&rsquo;ann\u00e9e scolaire (avant le 30 juin). Votre promesse de contribution aide l&rsquo;\u00e9cole \u00e0 \u00e9tablir son budget et son plan en sachant qu&rsquo;elle peut compter sur votre soutien \u00e0 un moment ou \u00e0 un autre de l&rsquo;ann\u00e9e scolaire.<\/p>\n<p><strong>Dons jumel\u00e9s<\/strong><br \/>De nombreux employeurs proposent \u00e0 leurs salari\u00e9s des programmes de dons jumel\u00e9s. C&rsquo;est une excellente occasion de doubler, voire de tripler votre don.<\/p>\n<p><strong>Leadership Donation<\/strong><br \/>Le don de leadership commence au niveau du Cercle d&rsquo;Honneur et constitue l&rsquo;un des moyens d&rsquo;avoir un impact profond sur l&rsquo;ensemble des \u00e9tudiants, du corps enseignant et du personnel. Les donateurs qui adh\u00e8rent au niveau du Cercle d&rsquo;Honneur et plus sont invit\u00e9s \u00e0 un \u00e9v\u00e9nement sp\u00e9cial avec notre chef d&rsquo;\u00e9tablissement.<\/p>\n\t\t\t\t\t\t\t\t<\/div>\n\t\t\t\t<\/div>\n\t\t\t\t\t<\/div>\n\t\t<\/div>\n\t\t\t\t\t<\/div>\n\t\t<\/section>\n\t\t\t\t<section class=\"elementor-section elementor-top-section elementor-element elementor-element-d002ad7 elementor-section-boxed elementor-section-height-default elementor-section-height-default\" data-id=\"d002ad7\" data-element_type=\"section\" data-e-type=\"section\">\n\t\t\t\t\t\t<div class=\"elementor-container elementor-column-gap-default\">\n\t\t\t\t\t<div class=\"elementor-column elementor-col-100 elementor-top-column elementor-element elementor-element-04b2af9\" data-id=\"04b2af9\" data-element_type=\"column\" data-e-type=\"column\">\n\t\t\t<div class=\"elementor-widget-wrap elementor-element-populated\">\n\t\t\t\t\t\t<div class=\"elementor-element elementor-element-893b27b elementor-widget elementor-widget-video\" data-id=\"893b27b\" data-element_type=\"widget\" data-e-type=\"widget\" data-settings=\"{&quot;video_type&quot;:&quot;vimeo&quot;}\" data-widget_type=\"video.default\">\n\t\t\t\t<div class=\"elementor-widget-container\">\n\t\t\t\t\t\t\t<div class=\"elementor-wrapper elementor-open-inline\">\n\t\t\t<iframe class=\"elementor-video-iframe\" allowfullscreen allow=\"clipboard-write\" title=\"Lecteur vid\u00e9o vimeo\" src=\"https:\/\/player.vimeo.com\/video\/776377305?color&amp;autopause=0&amp;loop=0&amp;muted=0&amp;title=1&amp;portrait=1&amp;byline=1#t=\"><\/iframe>\t\t<\/div>\n\t\t\t\t\t\t<\/div>\n\t\t\t\t<\/div>\n\t\t\t\t\t<\/div>\n\t\t<\/div>\n\t\t\t\t\t<\/div>\n\t\t<\/section>\n\t\t\t\t<section class=\"elementor-section elementor-top-section elementor-element elementor-element-d7e26ba sec-text elementor-section-boxed elementor-section-height-default elementor-section-height-default\" data-id=\"d7e26ba\" data-element_type=\"section\" data-e-type=\"section\">\n\t\t\t\t\t\t<div class=\"elementor-container elementor-column-gap-default\">\n\t\t\t\t\t<div class=\"elementor-column elementor-col-100 elementor-top-column elementor-element elementor-element-3f88d14\" data-id=\"3f88d14\" data-element_type=\"column\" data-e-type=\"column\">\n\t\t\t<div class=\"elementor-widget-wrap elementor-element-populated\">\n\t\t\t\t\t\t<div class=\"elementor-element elementor-element-325e56c elementor-widget elementor-widget-text-editor\" data-id=\"325e56c\" data-element_type=\"widget\" data-e-type=\"widget\" data-widget_type=\"text-editor.default\">\n\t\t\t\t<div class=\"elementor-widget-container\">\n\t\t\t\t\t\t\t\t\t<table>\n<tbody>\n<tr>\n<td>10 000 $ et plus<\/td>\n<td><strong>Club 1988<\/strong><\/td>\n<\/tr>\n<tr>\n<td>$5,000-$9,999\n<\/td>\n<td><strong>Cercle d&rsquo;Honneur Patrons<\/strong><\/td>\n<\/tr>\n<tr>\n<td>$2,500-$4,999\n<\/td>\n<td><strong>Cercle d&rsquo;Honneur Bienfaiteurs<\/strong><\/td>\n<\/tr>\n<tr>\n<td>$1,000-$2,499<\/td>\n<td><strong>Les contributeurs<\/strong><\/td>\n<\/tr>\n<tr>\n<td>$500-$999<\/td>\n<td><strong>Les soutiens<\/strong><\/td>\n<\/tr>\n<tr>\n<td>$1-$499<\/td>\n<td><strong>Donateurs<\/strong><\/td>\n<\/tr>\n<\/tbody>\n<\/table>\t\t\t\t\t\t\t\t<\/div>\n\t\t\t\t<\/div>\n\t\t\t\t<div class=\"elementor-element elementor-element-ac73e30 elementor-widget elementor-widget-text-editor\" data-id=\"ac73e30\" data-element_type=\"widget\" data-e-type=\"widget\" data-widget_type=\"text-editor.default\">\n\t\t\t\t<div class=\"elementor-widget-container\">\n\t\t\t\t\t\t\t\t\t<p>Pour savoir si votre employeur propose un programme de dons jumel\u00e9s ou pour faire votre promesse de soutien, veuillez contacter le bureau de d\u00e9veloppement \u00e0 l&rsquo;adresse <a href=\"mailto:development@sdfrenchschool.org\">development@sdfrenchschool.org<\/a> ou par t\u00e9l\u00e9phone au (858) 456-2807, poste 304.<\/p>\n\t\t\t\t\t\t\t\t<\/div>\n\t\t\t\t<\/div>\n\t\t\t\t\t<\/div>\n\t\t<\/div>\n\t\t\t\t\t<\/div>\n\t\t<\/section>\n\t\t\t\t<section class=\"elementor-section elementor-top-section elementor-element elementor-element-6b28081 elementor-section-boxed elementor-section-height-default elementor-section-height-default\" data-id=\"6b28081\" data-element_type=\"section\" data-e-type=\"section\">\n\t\t\t\t\t\t<div class=\"elementor-container elementor-column-gap-default\">\n\t\t\t\t\t<div class=\"elementor-column elementor-col-100 elementor-top-column elementor-element elementor-element-3fdbede\" data-id=\"3fdbede\" data-element_type=\"column\" data-e-type=\"column\">\n\t\t\t<div class=\"elementor-widget-wrap elementor-element-populated\">\n\t\t\t\t\t\t<div class=\"elementor-element elementor-element-d316b50 elementor-widget elementor-widget-spacer\" data-id=\"d316b50\" data-element_type=\"widget\" data-e-type=\"widget\" data-widget_type=\"spacer.default\">\n\t\t\t\t<div class=\"elementor-widget-container\">\n\t\t\t\t\t\t\t<div class=\"elementor-spacer\">\n\t\t\t<div class=\"elementor-spacer-inner\"><\/div>\n\t\t<\/div>\n\t\t\t\t\t\t<\/div>\n\t\t\t\t<\/div>\n\t\t\t\t\t<\/div>\n\t\t<\/div>\n\t\t\t\t\t<\/div>\n\t\t<\/section>\n\t\t\t\t<\/div>\n\t\t","protected":false},"excerpt":{"rendered":"<p>Fonds annuel Investir dans l&rsquo;enseignement bilingue. Les dons g\u00e9n\u00e9reux comme le v\u00f4tre soutiennent les initiatives qui font de l&rsquo;Ecole franco-am\u00e9ricaine de San Diego un \u00e9tablissement exceptionnel, am\u00e9liorant les salles de classe tout en pr\u00e9parant notre avenir. Le Fonds annuel r\u00e9pond aux besoins les plus importants de l&rsquo;\u00e9cole, permettant aux dirigeants d&rsquo;orienter les fonds au moment [&hellip;]<\/p>\n","protected":false},"author":3,"featured_media":0,"parent":1376,"menu_order":0,"comment_status":"closed","ping_status":"closed","template":"","meta":{"_acf_changed":false,"om_disable_all_campaigns":false,"_monsterinsights_skip_tracking":false,"_monsterinsights_sitenote_active":false,"_monsterinsights_sitenote_note":"","_monsterinsights_sitenote_category":0,"footnotes":""},"class_list":["post-1378","page","type-page","status-publish","hentry"],"acf":[],"aioseo_notices":[],"_links":{"self":[{"href":"https:\/\/www.sdfas.org\/fr\/wp-json\/wp\/v2\/pages\/1378","targetHints":{"allow":["GET"]}}],"collection":[{"href":"https:\/\/www.sdfas.org\/fr\/wp-json\/wp\/v2\/pages"}],"about":[{"href":"https:\/\/www.sdfas.org\/fr\/wp-json\/wp\/v2\/types\/page"}],"author":[{"embeddable":true,"href":"https:\/\/www.sdfas.org\/fr\/wp-json\/wp\/v2\/users\/3"}],"replies":[{"embeddable":true,"href":"https:\/\/www.sdfas.org\/fr\/wp-json\/wp\/v2\/comments?post=1378"}],"version-history":[{"count":0,"href":"https:\/\/www.sdfas.org\/fr\/wp-json\/wp\/v2\/pages\/1378\/revisions"}],"up":[{"embeddable":true,"href":"https:\/\/www.sdfas.org\/fr\/wp-json\/wp\/v2\/pages\/1376"}],"wp:attachment":[{"href":"https:\/\/www.sdfas.org\/fr\/wp-json\/wp\/v2\/media?parent=1378"}],"curies":[{"name":"wp","href":"https:\/\/api.w.org\/{rel}","templated":true}]}}