{"id":1380,"date":"2023-02-03T17:48:44","date_gmt":"2023-02-04T01:48:44","guid":{"rendered":"https:\/\/sdfas.wpengine.com\/admissions\/portes-ouvertes-et-visites\/"},"modified":"2025-08-07T15:53:28","modified_gmt":"2025-08-07T22:53:28","slug":"portes-ouvertes-et-visites","status":"publish","type":"page","link":"https:\/\/www.sdfas.org\/fr\/inscription\/portes-ouvertes-et-visites\/","title":{"rendered":"Visite du campus"},"content":{"rendered":"\t\t<div data-elementor-type=\"wp-page\" data-elementor-id=\"1380\" class=\"elementor elementor-1380 elementor-463\" data-elementor-post-type=\"page\">\n\t\t\t\t\t\t<section class=\"elementor-section elementor-top-section elementor-element elementor-element-f01a431 elementor-section-height-min-height elementor-section-boxed elementor-section-height-default elementor-section-items-middle\" data-id=\"f01a431\" data-element_type=\"section\" data-e-type=\"section\">\n\t\t\t\t\t\t<div class=\"elementor-container elementor-column-gap-default\">\n\t\t\t\t\t<div class=\"elementor-column elementor-col-100 elementor-top-column elementor-element elementor-element-d2a1247\" data-id=\"d2a1247\" data-element_type=\"column\" data-e-type=\"column\">\n\t\t\t<div class=\"elementor-widget-wrap elementor-element-populated\">\n\t\t\t\t\t\t<div class=\"elementor-element elementor-element-a06ef70 elementor-align-center elementor-widget elementor-widget-lottie\" data-id=\"a06ef70\" data-element_type=\"widget\" data-e-type=\"widget\" data-settings=\"{&quot;source_json&quot;:{&quot;url&quot;:&quot;https:\\\/\\\/www.sdfas.org\\\/wp-content\\\/uploads\\\/2023\\\/03\\\/230228_FA_OpenMinded_Cropped.json&quot;,&quot;id&quot;:1312,&quot;size&quot;:&quot;&quot;,&quot;alt&quot;:&quot;&quot;,&quot;source&quot;:&quot;library&quot;},&quot;trigger&quot;:&quot;none&quot;,&quot;loop&quot;:&quot;yes&quot;,&quot;source&quot;:&quot;media_file&quot;,&quot;caption_source&quot;:&quot;none&quot;,&quot;link_to&quot;:&quot;none&quot;,&quot;play_speed&quot;:{&quot;unit&quot;:&quot;px&quot;,&quot;size&quot;:1,&quot;sizes&quot;:[]},&quot;start_point&quot;:{&quot;unit&quot;:&quot;%&quot;,&quot;size&quot;:0,&quot;sizes&quot;:[]},&quot;end_point&quot;:{&quot;unit&quot;:&quot;%&quot;,&quot;size&quot;:100,&quot;sizes&quot;:[]},&quot;renderer&quot;:&quot;svg&quot;}\" data-widget_type=\"lottie.default\">\n\t\t\t\t<div class=\"elementor-widget-container\">\n\t\t\t\t\t<div class=\"e-lottie__container\"><div class=\"e-lottie__animation\"><\/div><\/div>\t\t\t\t<\/div>\n\t\t\t\t<\/div>\n\t\t\t\t\t<\/div>\n\t\t<\/div>\n\t\t\t\t\t<\/div>\n\t\t<\/section>\n\t\t\t\t<section class=\"elementor-section elementor-top-section elementor-element elementor-element-ccf873e elementor-section-boxed elementor-section-height-default elementor-section-height-default\" data-id=\"ccf873e\" data-element_type=\"section\" data-e-type=\"section\">\n\t\t\t\t\t\t<div class=\"elementor-container elementor-column-gap-default\">\n\t\t\t\t\t<div class=\"elementor-column elementor-col-100 elementor-top-column elementor-element elementor-element-ddb3ccd\" data-id=\"ddb3ccd\" data-element_type=\"column\" data-e-type=\"column\">\n\t\t\t<div class=\"elementor-widget-wrap elementor-element-populated\">\n\t\t\t\t\t\t<div class=\"elementor-element elementor-element-1a975a1 elementor-widget elementor-widget-heading\" data-id=\"1a975a1\" data-element_type=\"widget\" data-e-type=\"widget\" data-widget_type=\"heading.default\">\n\t\t\t\t<div class=\"elementor-widget-container\">\n\t\t\t\t\t<h1 class=\"elementor-heading-title elementor-size-default\">R\u00e9servez une visite priv\u00e9e! <\/h1>\t\t\t\t<\/div>\n\t\t\t\t<\/div>\n\t\t\t\t<section class=\"elementor-section elementor-inner-section elementor-element elementor-element-d3f7653 elementor-section-boxed elementor-section-height-default elementor-section-height-default\" data-id=\"d3f7653\" data-element_type=\"section\" data-e-type=\"section\">\n\t\t\t\t\t\t<div class=\"elementor-container elementor-column-gap-default\">\n\t\t\t\t\t<div class=\"elementor-column elementor-col-100 elementor-inner-column elementor-element elementor-element-fa109ce\" data-id=\"fa109ce\" data-element_type=\"column\" data-e-type=\"column\">\n\t\t\t<div class=\"elementor-widget-wrap\">\n\t\t\t\t\t\t\t<\/div>\n\t\t<\/div>\n\t\t\t\t\t<\/div>\n\t\t<\/section>\n\t\t\t\t<section class=\"elementor-section elementor-inner-section elementor-element elementor-element-e818aa5 elementor-section-boxed elementor-section-height-default elementor-section-height-default\" data-id=\"e818aa5\" data-element_type=\"section\" data-e-type=\"section\">\n\t\t\t\t\t\t<div class=\"elementor-container elementor-column-gap-default\">\n\t\t\t\t\t<div class=\"elementor-column elementor-col-100 elementor-inner-column elementor-element elementor-element-166063c\" data-id=\"166063c\" data-element_type=\"column\" data-e-type=\"column\">\n\t\t\t<div class=\"elementor-widget-wrap elementor-element-populated\">\n\t\t\t\t\t\t<div class=\"elementor-element elementor-element-a39ae4b elementor-position-top elementor-widget elementor-widget-image-box\" data-id=\"a39ae4b\" data-element_type=\"widget\" data-e-type=\"widget\" data-widget_type=\"image-box.default\">\n\t\t\t\t<div class=\"elementor-widget-container\">\n\t\t\t\t\t<div class=\"elementor-image-box-wrapper\"><figure class=\"elementor-image-box-img\"><img fetchpriority=\"high\" decoding=\"async\" width=\"200\" height=\"300\" src=\"https:\/\/www.sdfas.org\/wp-content\/uploads\/2025\/08\/65-Sarah_Blek-200x300.jpg\" class=\"attachment-medium size-medium wp-image-4274\" alt=\"\" srcset=\"https:\/\/www.sdfas.org\/wp-content\/uploads\/2025\/08\/65-Sarah_Blek-200x300.jpg 200w, https:\/\/www.sdfas.org\/wp-content\/uploads\/2025\/08\/65-Sarah_Blek-683x1024.jpg 683w, https:\/\/www.sdfas.org\/wp-content\/uploads\/2025\/08\/65-Sarah_Blek-768x1152.jpg 768w, https:\/\/www.sdfas.org\/wp-content\/uploads\/2025\/08\/65-Sarah_Blek-1024x1536.jpg 1024w, https:\/\/www.sdfas.org\/wp-content\/uploads\/2025\/08\/65-Sarah_Blek-1366x2048.jpg 1366w, https:\/\/www.sdfas.org\/wp-content\/uploads\/2025\/08\/65-Sarah_Blek-scaled.jpg 1707w\" sizes=\"(max-width: 200px) 100vw, 200px\" \/><\/figure><div class=\"elementor-image-box-content\"><h3 class=\"elementor-image-box-title\">R\u00e9servez une visite d\u00e8s aujourd'hui avec notre directrice des inscriptions, Sarah Blek !<\/h3><p class=\"elementor-image-box-description\"><span style=\"letter-spacing: -0.19px;text-align: start\">Explorez notre cursus bilingue d\u2019exception, con\u00e7u pour d\u00e9velopper l\u2019excellence acad\u00e9mique et former des citoyens du monde, de la petite enfance (18 mois) \u00e0 la 4\u00e8me. Une visite avec notre directrice des admissions vous permettra d'explorer notre campus dynamique, de rencontrer nos \u00e9ducateurs qualifi\u00e9s et passionn\u00e9s, et de d\u00e9couvrir comment nous encourageons les \u00e9l\u00e8ves \u00e0 s'\u00e9panouir dans les cultures fran\u00e7aise et am\u00e9ricaine. <\/span><\/p><\/div><\/div>\t\t\t\t<\/div>\n\t\t\t\t<\/div>\n\t\t\t\t\t<\/div>\n\t\t<\/div>\n\t\t\t\t\t<\/div>\n\t\t<\/section>\n\t\t\t\t<section class=\"elementor-section elementor-inner-section elementor-element elementor-element-d3dd000 elementor-section-boxed elementor-section-height-default elementor-section-height-default\" data-id=\"d3dd000\" data-element_type=\"section\" data-e-type=\"section\">\n\t\t\t\t\t\t<div class=\"elementor-container elementor-column-gap-default\">\n\t\t\t\t\t<div class=\"elementor-column elementor-col-50 elementor-inner-column elementor-element elementor-element-49e8693\" data-id=\"49e8693\" data-element_type=\"column\" data-e-type=\"column\">\n\t\t\t<div class=\"elementor-widget-wrap elementor-element-populated\">\n\t\t\t\t\t\t<div class=\"elementor-element elementor-element-abd2103 elementor-align-center elementor-widget elementor-widget-button\" data-id=\"abd2103\" data-element_type=\"widget\" data-e-type=\"widget\" data-widget_type=\"button.default\">\n\t\t\t\t<div class=\"elementor-widget-container\">\n\t\t\t\t\t\t\t\t\t<div class=\"elementor-button-wrapper\">\n\t\t\t\t\t<a class=\"elementor-button elementor-button-link elementor-size-sm\" href=\"https:\/\/calendly.com\/admissions-sdfas\">\n\t\t\t\t\t\t<span class=\"elementor-button-content-wrapper\">\n\t\t\t\t\t\t\t\t\t<span class=\"elementor-button-text\">R\u00e9servez une visite priv\u00e9e <\/span>\n\t\t\t\t\t<\/span>\n\t\t\t\t\t<\/a>\n\t\t\t\t<\/div>\n\t\t\t\t\t\t\t\t<\/div>\n\t\t\t\t<\/div>\n\t\t\t\t\t<\/div>\n\t\t<\/div>\n\t\t\t\t<div class=\"elementor-column elementor-col-50 elementor-inner-column elementor-element elementor-element-f66cc65\" data-id=\"f66cc65\" data-element_type=\"column\" data-e-type=\"column\">\n\t\t\t<div class=\"elementor-widget-wrap elementor-element-populated\">\n\t\t\t\t\t\t<div class=\"elementor-element elementor-element-238b022 elementor-align-center elementor-widget elementor-widget-button\" data-id=\"238b022\" data-element_type=\"widget\" data-e-type=\"widget\" data-widget_type=\"button.default\">\n\t\t\t\t<div class=\"elementor-widget-container\">\n\t\t\t\t\t\t\t\t\t<div class=\"elementor-button-wrapper\">\n\t\t\t\t\t<a class=\"elementor-button elementor-button-link elementor-size-sm\" href=\"https:\/\/sdfa-ca.client.renweb.com\/oa\/inquiry.cfm?memberid=13068\">\n\t\t\t\t\t\t<span class=\"elementor-button-content-wrapper\">\n\t\t\t\t\t\t\t\t\t<span class=\"elementor-button-text\">Nous contacter<\/span>\n\t\t\t\t\t<\/span>\n\t\t\t\t\t<\/a>\n\t\t\t\t<\/div>\n\t\t\t\t\t\t\t\t<\/div>\n\t\t\t\t<\/div>\n\t\t\t\t\t<\/div>\n\t\t<\/div>\n\t\t\t\t\t<\/div>\n\t\t<\/section>\n\t\t\t\t\t<\/div>\n\t\t<\/div>\n\t\t\t\t\t<\/div>\n\t\t<\/section>\n\t\t\t\t<section class=\"elementor-section elementor-top-section elementor-element elementor-element-f83f638 elementor-section-boxed elementor-section-height-default elementor-section-height-default\" data-id=\"f83f638\" data-element_type=\"section\" data-e-type=\"section\">\n\t\t\t\t\t\t<div class=\"elementor-container elementor-column-gap-default\">\n\t\t\t\t\t<div class=\"elementor-column elementor-col-100 elementor-top-column elementor-element elementor-element-31cbb7f\" data-id=\"31cbb7f\" data-element_type=\"column\" data-e-type=\"column\">\n\t\t\t<div class=\"elementor-widget-wrap elementor-element-populated\">\n\t\t\t\t\t\t<div class=\"elementor-element elementor-element-83aa2b8 elementor-widget elementor-widget-image\" data-id=\"83aa2b8\" data-element_type=\"widget\" data-e-type=\"widget\" data-widget_type=\"image.default\">\n\t\t\t\t<div class=\"elementor-widget-container\">\n\t\t\t\t\t\t\t\t\t\t\t\t\t\t\t\t<a href=\"https:\/\/lp.constantcontactpages.com\/ev\/reg\/2muft54\/lp\/29a77940-d9b3-4756-b033-54284a1b2f1a\">\n\t\t\t\t\t\t\t<img decoding=\"async\" width=\"800\" height=\"450\" src=\"https:\/\/www.sdfas.org\/wp-content\/uploads\/2025\/07\/Open-House-1-November-7-1024x576.png\" class=\"attachment-large size-large wp-image-4174\" alt=\"\" srcset=\"https:\/\/www.sdfas.org\/wp-content\/uploads\/2025\/07\/Open-House-1-November-7-1024x576.png 1024w, https:\/\/www.sdfas.org\/wp-content\/uploads\/2025\/07\/Open-House-1-November-7-300x169.png 300w, https:\/\/www.sdfas.org\/wp-content\/uploads\/2025\/07\/Open-House-1-November-7-768x432.png 768w, https:\/\/www.sdfas.org\/wp-content\/uploads\/2025\/07\/Open-House-1-November-7-1536x864.png 1536w, https:\/\/www.sdfas.org\/wp-content\/uploads\/2025\/07\/Open-House-1-November-7.png 1920w\" sizes=\"(max-width: 800px) 100vw, 800px\" \/>\t\t\t\t\t\t\t\t<\/a>\n\t\t\t\t\t\t\t\t\t\t\t\t\t\t\t<\/div>\n\t\t\t\t<\/div>\n\t\t\t\t<div class=\"elementor-element elementor-element-d117bb4 elementor-align-center elementor-widget elementor-widget-button\" data-id=\"d117bb4\" data-element_type=\"widget\" data-e-type=\"widget\" data-widget_type=\"button.default\">\n\t\t\t\t<div class=\"elementor-widget-container\">\n\t\t\t\t\t\t\t\t\t<div class=\"elementor-button-wrapper\">\n\t\t\t\t\t<a class=\"elementor-button elementor-button-link elementor-size-sm\" href=\"https:\/\/lp.constantcontactpages.com\/ev\/reg\/2muft54\/lp\/29a77940-d9b3-4756-b033-54284a1b2f1a\">\n\t\t\t\t\t\t<span class=\"elementor-button-content-wrapper\">\n\t\t\t\t\t\t\t\t\t<span class=\"elementor-button-text\">NSCRIVEZ-VOUS \u00c0 NOTRE JOURN\u00c9E PORTES OUVERTES DE NOVEMBRE<\/span>\n\t\t\t\t\t<\/span>\n\t\t\t\t\t<\/a>\n\t\t\t\t<\/div>\n\t\t\t\t\t\t\t\t<\/div>\n\t\t\t\t<\/div>\n\t\t\t\t<div class=\"elementor-element elementor-element-b5f699a elementor-widget elementor-widget-spacer\" data-id=\"b5f699a\" data-element_type=\"widget\" data-e-type=\"widget\" data-widget_type=\"spacer.default\">\n\t\t\t\t<div class=\"elementor-widget-container\">\n\t\t\t\t\t\t\t<div class=\"elementor-spacer\">\n\t\t\t<div class=\"elementor-spacer-inner\"><\/div>\n\t\t<\/div>\n\t\t\t\t\t\t<\/div>\n\t\t\t\t<\/div>\n\t\t\t\t<div class=\"elementor-element elementor-element-9d7927c elementor-widget elementor-widget-image\" data-id=\"9d7927c\" data-element_type=\"widget\" data-e-type=\"widget\" data-widget_type=\"image.default\">\n\t\t\t\t<div class=\"elementor-widget-container\">\n\t\t\t\t\t\t\t\t\t\t\t\t\t\t\t\t<a href=\"https:\/\/lp.constantcontactpages.com\/ev\/reg\/gm4nuxw\/lp\/199d7344-609b-4271-b433-93078b69547d\">\n\t\t\t\t\t\t\t<img decoding=\"async\" width=\"800\" height=\"450\" src=\"https:\/\/www.sdfas.org\/wp-content\/uploads\/2025\/07\/Open-House-2-December-5-1024x576.png\" class=\"attachment-large size-large wp-image-4172\" alt=\"\" srcset=\"https:\/\/www.sdfas.org\/wp-content\/uploads\/2025\/07\/Open-House-2-December-5-1024x576.png 1024w, https:\/\/www.sdfas.org\/wp-content\/uploads\/2025\/07\/Open-House-2-December-5-300x169.png 300w, https:\/\/www.sdfas.org\/wp-content\/uploads\/2025\/07\/Open-House-2-December-5-768x432.png 768w, https:\/\/www.sdfas.org\/wp-content\/uploads\/2025\/07\/Open-House-2-December-5-1536x864.png 1536w, https:\/\/www.sdfas.org\/wp-content\/uploads\/2025\/07\/Open-House-2-December-5.png 1920w\" sizes=\"(max-width: 800px) 100vw, 800px\" \/>\t\t\t\t\t\t\t\t<\/a>\n\t\t\t\t\t\t\t\t\t\t\t\t\t\t\t<\/div>\n\t\t\t\t<\/div>\n\t\t\t\t<div class=\"elementor-element elementor-element-38ebb38 elementor-align-center elementor-widget elementor-widget-button\" data-id=\"38ebb38\" data-element_type=\"widget\" data-e-type=\"widget\" data-widget_type=\"button.default\">\n\t\t\t\t<div class=\"elementor-widget-container\">\n\t\t\t\t\t\t\t\t\t<div class=\"elementor-button-wrapper\">\n\t\t\t\t\t<a class=\"elementor-button elementor-button-link elementor-size-sm\" href=\"https:\/\/lp.constantcontactpages.com\/ev\/reg\/gm4nuxw\/lp\/199d7344-609b-4271-b433-93078b69547d\">\n\t\t\t\t\t\t<span class=\"elementor-button-content-wrapper\">\n\t\t\t\t\t\t\t\t\t<span class=\"elementor-button-text\">NSCRIVEZ-VOUS \u00c0 NOTRE JOURN\u00c9E PORTES OUVERTES DE DECEMBRE<\/span>\n\t\t\t\t\t<\/span>\n\t\t\t\t\t<\/a>\n\t\t\t\t<\/div>\n\t\t\t\t\t\t\t\t<\/div>\n\t\t\t\t<\/div>\n\t\t\t\t<div class=\"elementor-element elementor-element-347e940 elementor-widget elementor-widget-spacer\" data-id=\"347e940\" data-element_type=\"widget\" data-e-type=\"widget\" data-widget_type=\"spacer.default\">\n\t\t\t\t<div class=\"elementor-widget-container\">\n\t\t\t\t\t\t\t<div class=\"elementor-spacer\">\n\t\t\t<div class=\"elementor-spacer-inner\"><\/div>\n\t\t<\/div>\n\t\t\t\t\t\t<\/div>\n\t\t\t\t<\/div>\n\t\t\t\t<div class=\"elementor-element elementor-element-13f2f19 elementor-widget elementor-widget-image\" data-id=\"13f2f19\" data-element_type=\"widget\" data-e-type=\"widget\" data-widget_type=\"image.default\">\n\t\t\t\t<div class=\"elementor-widget-container\">\n\t\t\t\t\t\t\t\t\t\t\t\t\t\t\t\t<a href=\"https:\/\/lp.constantcontactpages.com\/ev\/reg\/utwqtc3\/lp\/e96f64bc-14c3-443c-a58c-ca1f74de53f8\">\n\t\t\t\t\t\t\t<img loading=\"lazy\" decoding=\"async\" width=\"800\" height=\"450\" src=\"https:\/\/www.sdfas.org\/wp-content\/uploads\/2025\/07\/Open-House-3-February-27-1024x576.png\" class=\"attachment-large size-large wp-image-4170\" alt=\"\" srcset=\"https:\/\/www.sdfas.org\/wp-content\/uploads\/2025\/07\/Open-House-3-February-27-1024x576.png 1024w, https:\/\/www.sdfas.org\/wp-content\/uploads\/2025\/07\/Open-House-3-February-27-300x169.png 300w, https:\/\/www.sdfas.org\/wp-content\/uploads\/2025\/07\/Open-House-3-February-27-768x432.png 768w, https:\/\/www.sdfas.org\/wp-content\/uploads\/2025\/07\/Open-House-3-February-27-1536x864.png 1536w, https:\/\/www.sdfas.org\/wp-content\/uploads\/2025\/07\/Open-House-3-February-27.png 1920w\" sizes=\"(max-width: 800px) 100vw, 800px\" \/>\t\t\t\t\t\t\t\t<\/a>\n\t\t\t\t\t\t\t\t\t\t\t\t\t\t\t<\/div>\n\t\t\t\t<\/div>\n\t\t\t\t<div class=\"elementor-element elementor-element-a6c934f elementor-align-center elementor-widget elementor-widget-button\" data-id=\"a6c934f\" data-element_type=\"widget\" data-e-type=\"widget\" data-widget_type=\"button.default\">\n\t\t\t\t<div class=\"elementor-widget-container\">\n\t\t\t\t\t\t\t\t\t<div class=\"elementor-button-wrapper\">\n\t\t\t\t\t<a class=\"elementor-button elementor-button-link elementor-size-sm\" href=\"https:\/\/lp.constantcontactpages.com\/ev\/reg\/utwqtc3\/lp\/e96f64bc-14c3-443c-a58c-ca1f74de53f8\">\n\t\t\t\t\t\t<span class=\"elementor-button-content-wrapper\">\n\t\t\t\t\t\t\t\t\t<span class=\"elementor-button-text\">INSCRIVEZ-VOUS \u00c0 NOTRE JOURN\u00c9E PORTES OUVERTES DE F\u00c9VRIER<\/span>\n\t\t\t\t\t<\/span>\n\t\t\t\t\t<\/a>\n\t\t\t\t<\/div>\n\t\t\t\t\t\t\t\t<\/div>\n\t\t\t\t<\/div>\n\t\t\t\t<div class=\"elementor-element elementor-element-67ae3c7 elementor-widget elementor-widget-spacer\" data-id=\"67ae3c7\" data-element_type=\"widget\" data-e-type=\"widget\" data-widget_type=\"spacer.default\">\n\t\t\t\t<div class=\"elementor-widget-container\">\n\t\t\t\t\t\t\t<div class=\"elementor-spacer\">\n\t\t\t<div class=\"elementor-spacer-inner\"><\/div>\n\t\t<\/div>\n\t\t\t\t\t\t<\/div>\n\t\t\t\t<\/div>\n\t\t\t\t<div class=\"elementor-element elementor-element-f40e487 elementor-widget elementor-widget-template\" data-id=\"f40e487\" data-element_type=\"widget\" data-e-type=\"widget\" data-widget_type=\"template.default\">\n\t\t\t\t<div class=\"elementor-widget-container\">\n\t\t\t\t\t\t\t<div class=\"elementor-template\">\n\t\t\t\t\t<div data-elementor-type=\"section\" data-elementor-id=\"664\" class=\"elementor elementor-664\" data-elementor-post-type=\"elementor_library\">\n\t\t\t\t\t<section class=\"elementor-section elementor-top-section elementor-element elementor-element-476b660b elementor-section-boxed elementor-section-height-default elementor-section-height-default\" data-id=\"476b660b\" data-element_type=\"section\" data-e-type=\"section\">\n\t\t\t\t\t\t<div class=\"elementor-container elementor-column-gap-default\">\n\t\t\t\t\t<div class=\"elementor-column elementor-col-100 elementor-top-column elementor-element elementor-element-67932343\" data-id=\"67932343\" data-element_type=\"column\" data-e-type=\"column\">\n\t\t\t<div class=\"elementor-widget-wrap elementor-element-populated\">\n\t\t\t\t\t\t<div class=\"elementor-element elementor-element-2957e8cc elementor-widget elementor-widget-html\" data-id=\"2957e8cc\" data-element_type=\"widget\" data-e-type=\"widget\" data-widget_type=\"html.default\">\n\t\t\t\t<div class=\"elementor-widget-container\">\n\t\t\t\t\t<svg xmlns=\"http:\/\/www.w3.org\/2000\/svg\" width=\"624\" height=\"101.302\" viewBox=\"0 0 624 101.302\" style=\"font-family: 'fort', Sans-serif;\" class=\"school-nav\">\n  <g id=\"Group_457\" data-name=\"Group 457\" transform=\"translate(-1161.059 -3358.698)\">\n\t<line id=\"Line_136\" data-name=\"Line 136\" x2=\"470.72\" transform=\"translate(1253.27 3386.671)\" fill=\"none\" stroke=\"#5b4c7d\" stroke-width=\"1\"\/>\n\t\t<a href=\"\/elementary-school\/\">\n\t\t\t<text id=\"Elementary_School\" data-name=\"Elementary School\" transform=\"translate(1477.059 3453)\" fill=\"#5b4c7d\" font-size=\"19\" font-family=\"Fort-Bold, Fort\" font-weight=\"700\" letter-spacing=\"-0.01em\"><tspan x=\"-86.707\" y=\"0\">Elementary School<\/tspan><\/text>\n\t\t<\/a>\n\t\t<a href=\"\/middle-school\/\">\n\t\t\t<text id=\"Middle_School\" data-name=\"Middle School\" transform=\"translate(1719.059 3453)\" fill=\"#5b4c7d\" font-size=\"19\" font-family=\"Fort-Bold, Fort\" font-weight=\"700\" letter-spacing=\"-0.01em\"><tspan x=\"-65.227\" y=\"0\">Middle School<\/tspan><\/text>\n\t\t<\/a>\n\t\t<a href=\"\/pre-elementary\/\">\n\t\t\t<text id=\"Pre-Elementary\" transform=\"translate(1235.059 3453)\" fill=\"#5b4c7d\" font-size=\"19\" font-family=\"Fort-Bold, Fort\" font-weight=\"700\" letter-spacing=\"-0.01em\"><tspan x=\"-73.616\" y=\"0\">Pre-Elementary<\/tspan><\/text>\n\t\t<\/a>\n\t\t<a href=\"\/pre-elementary\/\">\n\t\t\t<rect id=\"Rectangle_398\" class=\"square-pre-elementary\" data-name=\"Rectangle 398\" width=\"54.017\" height=\"54.017\" rx=\"20\" transform=\"translate(1208.059 3358.698)\" fill=\"#ee7f4b\"\/>\n\t\t<\/a>\n\t\t<a href=\"\/middle-school\/\">\n\t\t\t<rect id=\"Rectangle_399\" class=\"square-middle-school\" data-name=\"Rectangle 399\" width=\"54.017\" height=\"54.017\" rx=\"20\" transform=\"translate(1692.059 3358.698)\" fill=\"#0091ce\"\/>\n\t\t<\/a>\n\t\t<a href=\"\/elementary-school\/\">\n\t\t\t<rect id=\"Rectangle_400\" class=\"square-elementary\" data-name=\"Rectangle 400\" width=\"54.017\" height=\"54.017\" rx=\"20\" transform=\"translate(1450.059 3358.698)\" fill=\"#00abc2\"\/>\n\t\t<\/a>\n  <\/g>\n<\/svg>\n\t\t\t\t<\/div>\n\t\t\t\t<\/div>\n\t\t\t\t\t<\/div>\n\t\t<\/div>\n\t\t\t\t\t<\/div>\n\t\t<\/section>\n\t\t\t\t<\/div>\n\t\t\t\t<\/div>\n\t\t\t\t\t\t<\/div>\n\t\t\t\t<\/div>\n\t\t\t\t\t<\/div>\n\t\t<\/div>\n\t\t\t\t\t<\/div>\n\t\t<\/section>\n\t\t\t\t<section class=\"elementor-section elementor-top-section elementor-element elementor-element-80a5d42 sec-text back-shape bs-orange elementor-section-content-middle elementor-section-boxed elementor-section-height-default elementor-section-height-default\" data-id=\"80a5d42\" data-element_type=\"section\" data-e-type=\"section\" data-settings=\"{&quot;background_background&quot;:&quot;classic&quot;,&quot;shape_divider_top&quot;:&quot;triangle&quot;,&quot;shape_divider_bottom&quot;:&quot;triangle&quot;}\">\n\t\t\t\t\t<div class=\"elementor-shape elementor-shape-top\" aria-hidden=\"true\" data-negative=\"false\">\n\t\t\t<svg xmlns=\"http:\/\/www.w3.org\/2000\/svg\" viewBox=\"0 0 1000 100\" preserveAspectRatio=\"none\">\n\t<path class=\"elementor-shape-fill\" d=\"M500,98.9L0,6.1V0h1000v6.1L500,98.9z\"\/>\n<\/svg>\t\t<\/div>\n\t\t\t\t<div class=\"elementor-shape elementor-shape-bottom\" aria-hidden=\"true\" data-negative=\"false\">\n\t\t\t<svg xmlns=\"http:\/\/www.w3.org\/2000\/svg\" viewBox=\"0 0 1000 100\" preserveAspectRatio=\"none\">\n\t<path class=\"elementor-shape-fill\" d=\"M500,98.9L0,6.1V0h1000v6.1L500,98.9z\"\/>\n<\/svg>\t\t<\/div>\n\t\t\t\t\t<div class=\"elementor-container elementor-column-gap-default\">\n\t\t\t\t\t<div class=\"elementor-column elementor-col-100 elementor-top-column elementor-element elementor-element-866ca27\" data-id=\"866ca27\" data-element_type=\"column\" data-e-type=\"column\">\n\t\t\t<div class=\"elementor-widget-wrap elementor-element-populated\">\n\t\t\t\t\t\t<div class=\"elementor-element elementor-element-1e8bbbf quote-purple elementor-widget elementor-widget-text-editor\" data-id=\"1e8bbbf\" data-element_type=\"widget\" data-e-type=\"widget\" data-widget_type=\"text-editor.default\">\n\t\t\t\t<div class=\"elementor-widget-container\">\n\t\t\t\t\t\t\t\t\t<blockquote>\n<p class=\"p1\">Nous avons trouv\u00e9 que les \u00e9l\u00e8ves de l&rsquo;Ecole franco-am\u00e9ricaine de San Diego \u00e9taient bien pr\u00e9par\u00e9s, matures et d\u00e9sireux de participer \u00e0 la rigueur de notre programme d&rsquo;\u00e9tudes pr\u00e9paratoires \u00e0 l&rsquo;universit\u00e9. Les comp\u00e9tences qui accompagnent un \u00e9l\u00e8ve multilingue lui permettent d&rsquo;obtenir les meilleurs r\u00e9sultats dans toutes les disciplines, que ce soit en math\u00e9matiques, en sciences ou en histoire.  <span style=\"color: #5b4c7d;\">Inez M. Odom, ancienne directrice des admissions, La Jolla Country Day School<\/span><\/p>\n<\/blockquote>\t\t\t\t\t\t\t\t<\/div>\n\t\t\t\t<\/div>\n\t\t\t\t\t<\/div>\n\t\t<\/div>\n\t\t\t\t\t<\/div>\n\t\t<\/section>\n\t\t\t\t<section class=\"elementor-section elementor-top-section elementor-element elementor-element-b706040 elementor-section-boxed elementor-section-height-default elementor-section-height-default\" data-id=\"b706040\" data-element_type=\"section\" data-e-type=\"section\">\n\t\t\t\t\t\t<div class=\"elementor-container elementor-column-gap-default\">\n\t\t\t\t\t<div class=\"elementor-column elementor-col-100 elementor-top-column elementor-element elementor-element-73386cb\" data-id=\"73386cb\" data-element_type=\"column\" data-e-type=\"column\">\n\t\t\t<div class=\"elementor-widget-wrap elementor-element-populated\">\n\t\t\t\t\t\t<div class=\"elementor-element elementor-element-8955f84 elementor-widget elementor-widget-spacer\" data-id=\"8955f84\" data-element_type=\"widget\" data-e-type=\"widget\" data-widget_type=\"spacer.default\">\n\t\t\t\t<div class=\"elementor-widget-container\">\n\t\t\t\t\t\t\t<div class=\"elementor-spacer\">\n\t\t\t<div class=\"elementor-spacer-inner\"><\/div>\n\t\t<\/div>\n\t\t\t\t\t\t<\/div>\n\t\t\t\t<\/div>\n\t\t\t\t\t<\/div>\n\t\t<\/div>\n\t\t\t\t\t<\/div>\n\t\t<\/section>\n\t\t\t\t<section class=\"elementor-section elementor-top-section elementor-element elementor-element-c89b075 elementor-section-boxed elementor-section-height-default elementor-section-height-default\" data-id=\"c89b075\" data-element_type=\"section\" data-e-type=\"section\">\n\t\t\t\t\t\t<div class=\"elementor-container elementor-column-gap-default\">\n\t\t\t\t\t<div class=\"elementor-column elementor-col-100 elementor-top-column elementor-element elementor-element-6d14d6b\" data-id=\"6d14d6b\" data-element_type=\"column\" data-e-type=\"column\">\n\t\t\t<div class=\"elementor-widget-wrap\">\n\t\t\t\t\t\t\t<\/div>\n\t\t<\/div>\n\t\t\t\t\t<\/div>\n\t\t<\/section>\n\t\t\t\t<\/div>\n\t\t","protected":false},"excerpt":{"rendered":"<p>R\u00e9servez une visite priv\u00e9e! R\u00e9servez une visite d\u00e8s aujourd&rsquo;hui avec notre directrice des inscriptions, Sarah Blek ! Explorez notre cursus bilingue d\u2019exception, con\u00e7u pour d\u00e9velopper l\u2019excellence acad\u00e9mique et former des citoyens du monde, de la petite enfance (18 mois) \u00e0 la 4\u00e8me. Une visite avec notre directrice des admissions vous permettra d&rsquo;explorer notre campus dynamique, [&hellip;]<\/p>\n","protected":false},"author":3,"featured_media":0,"parent":1375,"menu_order":0,"comment_status":"closed","ping_status":"closed","template":"elementor_header_footer","meta":{"_acf_changed":false,"om_disable_all_campaigns":false,"_monsterinsights_skip_tracking":false,"_monsterinsights_sitenote_active":false,"_monsterinsights_sitenote_note":"","_monsterinsights_sitenote_category":0,"footnotes":""},"class_list":["post-1380","page","type-page","status-publish","hentry"],"acf":[],"aioseo_notices":[],"_links":{"self":[{"href":"https:\/\/www.sdfas.org\/fr\/wp-json\/wp\/v2\/pages\/1380","targetHints":{"allow":["GET"]}}],"collection":[{"href":"https:\/\/www.sdfas.org\/fr\/wp-json\/wp\/v2\/pages"}],"about":[{"href":"https:\/\/www.sdfas.org\/fr\/wp-json\/wp\/v2\/types\/page"}],"author":[{"embeddable":true,"href":"https:\/\/www.sdfas.org\/fr\/wp-json\/wp\/v2\/users\/3"}],"replies":[{"embeddable":true,"href":"https:\/\/www.sdfas.org\/fr\/wp-json\/wp\/v2\/comments?post=1380"}],"version-history":[{"count":0,"href":"https:\/\/www.sdfas.org\/fr\/wp-json\/wp\/v2\/pages\/1380\/revisions"}],"up":[{"embeddable":true,"href":"https:\/\/www.sdfas.org\/fr\/wp-json\/wp\/v2\/pages\/1375"}],"wp:attachment":[{"href":"https:\/\/www.sdfas.org\/fr\/wp-json\/wp\/v2\/media?parent=1380"}],"curies":[{"name":"wp","href":"https:\/\/api.w.org\/{rel}","templated":true}]}}