{"id":1395,"date":"2023-02-09T15:36:03","date_gmt":"2023-02-09T23:36:03","guid":{"rendered":"https:\/\/sdfas.wpengine.com\/liens-utiles\/"},"modified":"2024-11-26T10:37:45","modified_gmt":"2024-11-26T18:37:45","slug":"liens-utiles","status":"publish","type":"page","link":"https:\/\/www.sdfas.org\/fr\/liens-utiles\/","title":{"rendered":"Liens utiles"},"content":{"rendered":"\t\t<div data-elementor-type=\"wp-page\" data-elementor-id=\"1395\" class=\"elementor elementor-1395 elementor-482\" data-elementor-post-type=\"page\">\n\t\t\t\t\t\t<section class=\"elementor-section elementor-top-section elementor-element elementor-element-53a496b sec-text elementor-section-boxed elementor-section-height-default elementor-section-height-default\" data-id=\"53a496b\" data-element_type=\"section\" data-e-type=\"section\">\n\t\t\t\t\t\t<div class=\"elementor-container elementor-column-gap-default\">\n\t\t\t\t\t<div class=\"elementor-column elementor-col-100 elementor-top-column elementor-element elementor-element-2b65791\" data-id=\"2b65791\" data-element_type=\"column\" data-e-type=\"column\">\n\t\t\t<div class=\"elementor-widget-wrap elementor-element-populated\">\n\t\t\t\t\t\t<div class=\"elementor-element elementor-element-9855a5c intro elementor-widget elementor-widget-heading\" data-id=\"9855a5c\" data-element_type=\"widget\" data-e-type=\"widget\" data-widget_type=\"heading.default\">\n\t\t\t\t<div class=\"elementor-widget-container\">\n\t\t\t\t\t<div class=\"elementor-heading-title elementor-size-default\">Liens utiles<\/div>\t\t\t\t<\/div>\n\t\t\t\t<\/div>\n\t\t\t\t<div class=\"elementor-element elementor-element-6bea93b elementor-widget elementor-widget-heading\" data-id=\"6bea93b\" data-element_type=\"widget\" data-e-type=\"widget\" data-widget_type=\"heading.default\">\n\t\t\t\t<div class=\"elementor-widget-container\">\n\t\t\t\t\t<h1 class=\"elementor-heading-title elementor-size-default\">Parce que personne ne peut \u00eatre trop inform\u00e9.<\/h1>\t\t\t\t<\/div>\n\t\t\t\t<\/div>\n\t\t\t\t<div class=\"elementor-element elementor-element-c0c8d06 elementor-widget elementor-widget-spacer\" data-id=\"c0c8d06\" data-element_type=\"widget\" data-e-type=\"widget\" data-widget_type=\"spacer.default\">\n\t\t\t\t<div class=\"elementor-widget-container\">\n\t\t\t\t\t\t\t<div class=\"elementor-spacer\">\n\t\t\t<div class=\"elementor-spacer-inner\"><\/div>\n\t\t<\/div>\n\t\t\t\t\t\t<\/div>\n\t\t\t\t<\/div>\n\t\t\t\t\t<\/div>\n\t\t<\/div>\n\t\t\t\t\t<\/div>\n\t\t<\/section>\n\t\t\t\t<section class=\"elementor-section elementor-top-section elementor-element elementor-element-85bd8c9 sec-text elementor-section-boxed elementor-section-height-default elementor-section-height-default\" data-id=\"85bd8c9\" data-element_type=\"section\" data-e-type=\"section\">\n\t\t\t\t\t\t<div class=\"elementor-container elementor-column-gap-default\">\n\t\t\t\t\t<div class=\"elementor-column elementor-col-100 elementor-top-column elementor-element elementor-element-9af405c\" data-id=\"9af405c\" data-element_type=\"column\" data-e-type=\"column\">\n\t\t\t<div class=\"elementor-widget-wrap elementor-element-populated\">\n\t\t\t\t\t\t<div class=\"elementor-element elementor-element-306b045 elementor-widget elementor-widget-heading\" data-id=\"306b045\" data-element_type=\"widget\" data-e-type=\"widget\" data-widget_type=\"heading.default\">\n\t\t\t\t<div class=\"elementor-widget-container\">\n\t\t\t\t\t<h3 class=\"elementor-heading-title elementor-size-default\">Ressources sur le bilinguisme<\/h3>\t\t\t\t<\/div>\n\t\t\t\t<\/div>\n\t\t\t\t<div class=\"elementor-element elementor-element-d7a260f elementor-widget elementor-widget-text-editor\" data-id=\"d7a260f\" data-element_type=\"widget\" data-e-type=\"widget\" data-widget_type=\"text-editor.default\">\n\t\t\t\t<div class=\"elementor-widget-container\">\n\t\t\t\t\t\t\t\t\t<p><a href=\"https:\/\/youtu.be\/glhYTiiaKis\" target=\"_blank\" rel=\"noopener\">D\u00e9veloppement cognitif chez les enfants bilingues<\/a><br \/>Un webinaire par Ellen Bialystok<\/p>\n<p><a href=\"https:\/\/www.economist.com\/books-and-arts\/2018\/05\/10\/to-master-a-language-start-learning-it-early\" target=\"_blank\" rel=\"noopener\">Pour ma\u00eetriser une langue, il faut commencer \u00e0 l&rsquo;apprendre t\u00f4t<\/a><br \/>The Economist, Johnson, mai 2018<\/p>\n<p><a href=\"https:\/\/www.npr.org\/sections\/ed\/2016\/11\/29\/497943749\/6-potential-brain-benefits-of-bilingual-education\" target=\"_blank\" rel=\"noopener\">6 avantages potentiels de l&rsquo;\u00e9ducation bilingue pour le cerveau<\/a><br \/>NPR Ed, novembre 2016<\/p>\n<p><a href=\"https:\/\/www.nytimes.com\/2016\/03\/13\/opinion\/sunday\/the-superior-social-skills-of-bilinguals.html?action=click&amp;contentCollection=Well&amp;module=RelatedCoverage&amp;region=Marginalia&amp;pgtype=article\" target=\"_blank\" rel=\"noopener\">Les comp\u00e9tences sociales sup\u00e9rieures des bilingues<\/a><br \/>New York Times, mars 2016<\/p>\n<p><a href=\"https:\/\/www.facebook.com\/TEDEducation\/videos\/1052810981398774\/\" target=\"_blank\" rel=\"noopener\">Les avantages d&rsquo;un cerveau bilingue<\/a><br \/>Comment le fait de conna\u00eetre plus d&rsquo;une langue peut r\u00e9ellement modifier l&rsquo;apparence et le fonctionnement de votre cerveau (Ted-Education 2015)<\/p>\n<p><a href=\"http:\/\/news.bbc.co.uk\/2\/hi\/health\/3739690.stm\" target=\"_blank\" rel=\"noopener\">L&rsquo;apprentissage des langues stimule le cerveau<\/a><br \/>BBC news (octobre 2014)<\/p>\n<p><a href=\"http:\/\/www.bbc.com\/news\/health-24446292?dm_i=14DE,1W941,5PBARD,6SQ7D,1\" target=\"_blank\" rel=\"noopener\">L&rsquo;\u00e9cole maternelle est la meilleure p\u00e9riode pour apprendre les langues !<\/a><br \/>Le scanner c\u00e9r\u00e9bral d&rsquo;un tout-petit donne des indications sur le langage (octobre 2013)<\/p>\n<p><a href=\"https:\/\/www.youtube.com\/watch?v=QfEZXR2DNXA&amp;feature=youtu.be\" target=\"_blank\" rel=\"noopener\">Citoyens du monde : L&rsquo;enfant et l&rsquo;adulte multilingues<\/a><br \/>Edwin Gerard \u00e0 TEDxCulverCity (publi\u00e9 en juillet 2013)<\/p>\n<p><a href=\"https:\/\/www.nytimes.com\/2012\/03\/18\/opinion\/sunday\/the-benefits-of-bilingualism.html?src=un&amp;feedurl=http:\/\/json8.nytimes.com\/pages\/opinion\/index.jsonp\" target=\"_blank\" rel=\"noopener\">Pourquoi les bilingues sont plus intelligents<\/a><br \/>New York Times (mars 2012)<\/p>\n<p><a href=\"https:\/\/www.nytimes.com\/2011\/05\/31\/science\/31conversation.html?_r=2&amp;scp=1&amp;sq=bilingual&amp;st=cse\" target=\"_blank\" rel=\"noopener\">L&rsquo;avantage bilingue<\/a><br \/>New York Times (mai 2011)<\/p>\n<p><a href=\"http:\/\/www.latimes.com\/health\/la-he-bilingual-brain-20110227-story.html\" target=\"_blank\" rel=\"noopener\">Le bilinguisme est bon pour le cerveau, selon des chercheurs<\/a><br \/>Par Amina Khan, Los Angeles Times (f\u00e9vrier 2011)<\/p>\n<p><a href=\"http:\/\/www.pbs.org\/parents\/theparentshow\/blog\/surprising-advantages-of-bilingual-education\/\" target=\"_blank\" rel=\"noopener\">Les avantages surprenants de l&rsquo;enseignement bilingue<\/a><br \/>PBSParents<\/p>\n<p><a href=\"https:\/\/books.google.com\/books?id=Wi_SaaBgMmEC&amp;printsec=frontcover&amp;source=gbs_vpt_reviews&amp;hl=en#v=onepage&amp;q&amp;f=false\" target=\"_blank\" rel=\"noopener\">L&rsquo;avantage du bilinguisme : le guide ultime pour savoir pourquoi, quand et comment<\/a><br \/>Par Kendall King PhD, Alison Mackey, PhD<\/p>\n\t\t\t\t\t\t\t\t<\/div>\n\t\t\t\t<\/div>\n\t\t\t\t\t<\/div>\n\t\t<\/div>\n\t\t\t\t\t<\/div>\n\t\t<\/section>\n\t\t\t\t<section class=\"elementor-section elementor-top-section elementor-element elementor-element-ff04a3c sec-text elementor-section-boxed elementor-section-height-default elementor-section-height-default\" data-id=\"ff04a3c\" data-element_type=\"section\" data-e-type=\"section\">\n\t\t\t\t\t\t<div class=\"elementor-container elementor-column-gap-default\">\n\t\t\t\t\t<div class=\"elementor-column elementor-col-100 elementor-top-column elementor-element elementor-element-b38b797\" data-id=\"b38b797\" data-element_type=\"column\" data-e-type=\"column\">\n\t\t\t<div class=\"elementor-widget-wrap elementor-element-populated\">\n\t\t\t\t\t\t<div class=\"elementor-element elementor-element-f1f5897 elementor-widget elementor-widget-heading\" data-id=\"f1f5897\" data-element_type=\"widget\" data-e-type=\"widget\" data-widget_type=\"heading.default\">\n\t\t\t\t<div class=\"elementor-widget-container\">\n\t\t\t\t\t<h3 class=\"elementor-heading-title elementor-size-default\">Expatriation et administration fran\u00e7aise<\/h3>\t\t\t\t<\/div>\n\t\t\t\t<\/div>\n\t\t\t\t<div class=\"elementor-element elementor-element-6736864 elementor-widget elementor-widget-text-editor\" data-id=\"6736864\" data-element_type=\"widget\" data-e-type=\"widget\" data-widget_type=\"text-editor.default\">\n\t\t\t\t<div class=\"elementor-widget-container\">\n\t\t\t\t\t\t\t\t\t<p>Ambassade de France \u00e0 Washington<br \/><a href=\"https:\/\/www.info-france-usa.org\/\" target=\"_blank\" rel=\"noopener\">info-france-usa.org<\/a><\/p><p>Site du Consul honoraire de France \u00e0 San Diego<br \/><a href=\"http:\/\/www.consulfrance-sandiego.org\/\" target=\"_blank\" rel=\"noopener\">consulfrance-sandiego.org<\/a><\/p><p>Consulat de France \u00e0 Los Angeles<br \/><a href=\"https:\/\/losangeles.consulfrance.org\/\" target=\"_blank\" rel=\"noopener\">consulfrance-losangeles.org<\/a><\/p><p>Les bourses fran\u00e7aises au Consulat de France \u00e0 Los Angeles<br \/><a href=\"https:\/\/losangeles.consulfrance.org\/bourses-scolaires-2023-2024\" target=\"_blank\" rel=\"noopener\">consulfrance-losangeles.org\/spip.php?article1036<\/a><\/p><p>Portail des expatri\u00e9s<br \/><a href=\"https:\/\/expat.org\/\" target=\"_blank\" rel=\"noopener\">expat.org<\/a><\/p><p>Alliance fran\u00e7aise de San Diego<br \/><a href=\"https:\/\/www.afsandiego.org\/\" target=\"_blank\" rel=\"noopener\">afsandiego.org<\/a><\/p><p>Chambre de commerce franco-am\u00e9ricaine de San Diego<br \/><a href=\"https:\/\/www.france-sandiego.org\/\" target=\"_blank\" rel=\"noopener\">france-sandiego.org<\/a><\/p><p>Site de la Chambre de Commerce Franco-Am\u00e9ricaine, pour aider les nouvelles familles arrivant \u00e0 San Diego.<br \/><a href=\"http:\/\/www.france-sandiego.com\/\" target=\"_blank\" rel=\"noopener\">france-sandiego.com<\/a><\/p>\t\t\t\t\t\t\t\t<\/div>\n\t\t\t\t<\/div>\n\t\t\t\t\t<\/div>\n\t\t<\/div>\n\t\t\t\t\t<\/div>\n\t\t<\/section>\n\t\t\t\t<section class=\"elementor-section elementor-top-section elementor-element elementor-element-dc8f16f sec-text elementor-section-boxed elementor-section-height-default elementor-section-height-default\" data-id=\"dc8f16f\" data-element_type=\"section\" data-e-type=\"section\">\n\t\t\t\t\t\t<div class=\"elementor-container elementor-column-gap-default\">\n\t\t\t\t\t<div class=\"elementor-column elementor-col-100 elementor-top-column elementor-element elementor-element-44f2828\" data-id=\"44f2828\" data-element_type=\"column\" data-e-type=\"column\">\n\t\t\t<div class=\"elementor-widget-wrap elementor-element-populated\">\n\t\t\t\t\t\t<div class=\"elementor-element elementor-element-8356543 elementor-widget elementor-widget-heading\" data-id=\"8356543\" data-element_type=\"widget\" data-e-type=\"widget\" data-widget_type=\"heading.default\">\n\t\t\t\t<div class=\"elementor-widget-container\">\n\t\t\t\t\t<h3 class=\"elementor-heading-title elementor-size-default\">Education et culture<\/h3>\t\t\t\t<\/div>\n\t\t\t\t<\/div>\n\t\t\t\t<div class=\"elementor-element elementor-element-90c8a8a elementor-widget elementor-widget-text-editor\" data-id=\"90c8a8a\" data-element_type=\"widget\" data-e-type=\"widget\" data-widget_type=\"text-editor.default\">\n\t\t\t\t<div class=\"elementor-widget-container\">\n\t\t\t\t\t\t\t\t\t<p>Site officiel de l&rsquo;A.E.F.E., les \u00e9coles internationales fran\u00e7aises<br \/><a href=\"https:\/\/www.aefe.fr\/\" target=\"_blank\" rel=\"noopener\">aefe.fr<\/a><\/p>\n<p>Site officiel des \u00e9coles fran\u00e7aises en Am\u00e9rique du Nord<br \/><a href=\"https:\/\/frenchschoolsnorthamerica.org\/\" target=\"_blank\" rel=\"noopener\">ecoles francaises en amerique du nord.org<\/a><\/p>\n<p>Site de la Mission La\u00efque Fran\u00e7aise, r\u00e9seau d&rsquo;\u00e9coles internationales fran\u00e7aises<br \/><a href=\"https:\/\/www.mlfmonde.org\/\" target=\"_blank\" rel=\"noopener\">mlfmonde.org<\/a><\/p>\n<p>Les radios fran\u00e7aises sur le net<br \/><a href=\"https:\/\/www.radiofrance.fr\/\" target=\"_blank\" rel=\"noopener\">radiofrance.fr<\/a><\/p>\n<p>Quotidien Le Monde<br \/><a href=\"https:\/\/www.lemonde.fr\/\" target=\"_blank\" rel=\"noopener\">lemonde.fr<\/a><\/p>\n<p>Quotidien Lib\u00e9ration<br \/><a href=\"https:\/\/www.liberation.fr\/\" target=\"_blank\" rel=\"noopener\">liberation.fr<\/a><\/p>\n\t\t\t\t\t\t\t\t<\/div>\n\t\t\t\t<\/div>\n\t\t\t\t\t<\/div>\n\t\t<\/div>\n\t\t\t\t\t<\/div>\n\t\t<\/section>\n\t\t\t\t<section class=\"elementor-section elementor-top-section elementor-element elementor-element-ce11358 sec-text elementor-section-boxed elementor-section-height-default elementor-section-height-default\" data-id=\"ce11358\" data-element_type=\"section\" data-e-type=\"section\">\n\t\t\t\t\t\t<div class=\"elementor-container elementor-column-gap-default\">\n\t\t\t\t\t<div class=\"elementor-column elementor-col-100 elementor-top-column elementor-element elementor-element-b517bbc\" data-id=\"b517bbc\" data-element_type=\"column\" data-e-type=\"column\">\n\t\t\t<div class=\"elementor-widget-wrap elementor-element-populated\">\n\t\t\t\t\t\t<div class=\"elementor-element elementor-element-886ac1e elementor-widget elementor-widget-heading\" data-id=\"886ac1e\" data-element_type=\"widget\" data-e-type=\"widget\" data-widget_type=\"heading.default\">\n\t\t\t\t<div class=\"elementor-widget-container\">\n\t\t\t\t\t<h3 class=\"elementor-heading-title elementor-size-default\">La Jolla<\/h3>\t\t\t\t<\/div>\n\t\t\t\t<\/div>\n\t\t\t\t<div class=\"elementor-element elementor-element-c0ff69f elementor-widget elementor-widget-text-editor\" data-id=\"c0ff69f\" data-element_type=\"widget\" data-e-type=\"widget\" data-widget_type=\"text-editor.default\">\n\t\t\t\t<div class=\"elementor-widget-container\">\n\t\t\t\t\t\t\t\t\t<p>Ville de La Jolla<br \/><a href=\"https:\/\/lajolla.com\/\" target=\"_blank\" rel=\"noopener\">lajolla.com<\/a><br \/><a href=\"https:\/\/lajollabythesea.com\/\" target=\"_blank\" rel=\"noopener\">lajollabythesea.com<\/a><\/p>\n<p>Journal de La Jolla<br \/><a href=\"https:\/\/www.lajollalight.com\/\" target=\"_blank\" rel=\"noopener\">lajollalight.com<\/a><\/p>\n\t\t\t\t\t\t\t\t<\/div>\n\t\t\t\t<\/div>\n\t\t\t\t\t<\/div>\n\t\t<\/div>\n\t\t\t\t\t<\/div>\n\t\t<\/section>\n\t\t\t\t<section class=\"elementor-section elementor-top-section elementor-element elementor-element-e794470 sec-text elementor-section-boxed elementor-section-height-default elementor-section-height-default\" data-id=\"e794470\" data-element_type=\"section\" data-e-type=\"section\">\n\t\t\t\t\t\t<div class=\"elementor-container elementor-column-gap-default\">\n\t\t\t\t\t<div class=\"elementor-column elementor-col-100 elementor-top-column elementor-element elementor-element-52efda2\" data-id=\"52efda2\" data-element_type=\"column\" data-e-type=\"column\">\n\t\t\t<div class=\"elementor-widget-wrap elementor-element-populated\">\n\t\t\t\t\t\t<div class=\"elementor-element elementor-element-47c33fe elementor-widget elementor-widget-heading\" data-id=\"47c33fe\" data-element_type=\"widget\" data-e-type=\"widget\" data-widget_type=\"heading.default\">\n\t\t\t\t<div class=\"elementor-widget-container\">\n\t\t\t\t\t<h3 class=\"elementor-heading-title elementor-size-default\">San Diego<\/h3>\t\t\t\t<\/div>\n\t\t\t\t<\/div>\n\t\t\t\t<div class=\"elementor-element elementor-element-f82d5bd elementor-widget elementor-widget-text-editor\" data-id=\"f82d5bd\" data-element_type=\"widget\" data-e-type=\"widget\" data-widget_type=\"text-editor.default\">\n\t\t\t\t<div class=\"elementor-widget-container\">\n\t\t\t\t\t\t\t\t\t<p>Site officiel de San Diego<br \/><a href=\"https:\/\/www.sandiego.gov\/\" target=\"_blank\" rel=\"noopener\">sandiego.gov<\/a><\/p>\n<p>Magazine familial de San Diego<br \/><a href=\"https:\/\/www.sandiegofamily.com\/\" target=\"_blank\" rel=\"noopener\">sandiegofamily.com<\/a><\/p>\n<p>Magazine Reader \u00e0 San Diego<br \/><a href=\"https:\/\/www.sandiegoreader.com\/\" target=\"_blank\" rel=\"noopener\">sandiegoreader.com<\/a><\/p>\n<p>San Diego Union Tribune<br \/><a href=\"https:\/\/www.sandiegouniontribune.com\/\" target=\"_blank\" rel=\"noopener\">utsandiego.com<\/a><\/p>\n<p>D\u00e9serts des \u00c9tats-Unis, y compris ceux situ\u00e9s pr\u00e8s de San Diego<br \/><a href=\"https:\/\/www.desertusa.com\/dusablog\/\" target=\"_blank\" rel=\"noopener\">desertusa.com<\/a><\/p>\n\t\t\t\t\t\t\t\t<\/div>\n\t\t\t\t<\/div>\n\t\t\t\t\t<\/div>\n\t\t<\/div>\n\t\t\t\t\t<\/div>\n\t\t<\/section>\n\t\t\t\t<section class=\"elementor-section elementor-top-section elementor-element elementor-element-2b776b3 sec-text elementor-section-boxed elementor-section-height-default elementor-section-height-default\" data-id=\"2b776b3\" data-element_type=\"section\" data-e-type=\"section\">\n\t\t\t\t\t\t<div class=\"elementor-container elementor-column-gap-default\">\n\t\t\t\t\t<div class=\"elementor-column elementor-col-100 elementor-top-column elementor-element elementor-element-bf32d78\" data-id=\"bf32d78\" data-element_type=\"column\" data-e-type=\"column\">\n\t\t\t<div class=\"elementor-widget-wrap elementor-element-populated\">\n\t\t\t\t\t\t<div class=\"elementor-element elementor-element-67c320e elementor-widget elementor-widget-heading\" data-id=\"67c320e\" data-element_type=\"widget\" data-e-type=\"widget\" data-widget_type=\"heading.default\">\n\t\t\t\t<div class=\"elementor-widget-container\">\n\t\t\t\t\t<h3 class=\"elementor-heading-title elementor-size-default\">\u00c9cole franco-am\u00e9ricaine de San Diego<\/h3>\t\t\t\t<\/div>\n\t\t\t\t<\/div>\n\t\t\t\t<div class=\"elementor-element elementor-element-c14f303 elementor-widget elementor-widget-text-editor\" data-id=\"c14f303\" data-element_type=\"widget\" data-e-type=\"widget\" data-widget_type=\"text-editor.default\">\n\t\t\t\t<div class=\"elementor-widget-container\">\n\t\t\t\t\t\t\t\t\t<p>Site communautaire pour d\u00e9poser une annonce, rechercher une maison de vacances en France, proposer un service&#8230;<br \/><a href=\"http:\/\/www.sdfascommunity.org\/\" target=\"_blank\" rel=\"noopener\">sdfascommunity.org<\/a><\/p>\n\t\t\t\t\t\t\t\t<\/div>\n\t\t\t\t<\/div>\n\t\t\t\t\t<\/div>\n\t\t<\/div>\n\t\t\t\t\t<\/div>\n\t\t<\/section>\n\t\t\t\t<section class=\"elementor-section elementor-top-section elementor-element elementor-element-6b28081 elementor-section-boxed elementor-section-height-default elementor-section-height-default\" data-id=\"6b28081\" data-element_type=\"section\" data-e-type=\"section\">\n\t\t\t\t\t\t<div class=\"elementor-container elementor-column-gap-default\">\n\t\t\t\t\t<div class=\"elementor-column elementor-col-100 elementor-top-column elementor-element elementor-element-3fdbede\" data-id=\"3fdbede\" data-element_type=\"column\" data-e-type=\"column\">\n\t\t\t<div class=\"elementor-widget-wrap elementor-element-populated\">\n\t\t\t\t\t\t<div class=\"elementor-element elementor-element-d316b50 elementor-widget elementor-widget-spacer\" data-id=\"d316b50\" data-element_type=\"widget\" data-e-type=\"widget\" data-widget_type=\"spacer.default\">\n\t\t\t\t<div class=\"elementor-widget-container\">\n\t\t\t\t\t\t\t<div class=\"elementor-spacer\">\n\t\t\t<div class=\"elementor-spacer-inner\"><\/div>\n\t\t<\/div>\n\t\t\t\t\t\t<\/div>\n\t\t\t\t<\/div>\n\t\t\t\t\t<\/div>\n\t\t<\/div>\n\t\t\t\t\t<\/div>\n\t\t<\/section>\n\t\t\t\t<\/div>\n\t\t","protected":false},"excerpt":{"rendered":"<p>Liens utiles Parce que personne ne peut \u00eatre trop inform\u00e9. Ressources sur le bilinguisme D\u00e9veloppement cognitif chez les enfants bilinguesUn webinaire par Ellen Bialystok Pour ma\u00eetriser une langue, il faut commencer \u00e0 l&rsquo;apprendre t\u00f4tThe Economist, Johnson, mai 2018 6 avantages potentiels de l&rsquo;\u00e9ducation bilingue pour le cerveauNPR Ed, novembre 2016 Les comp\u00e9tences sociales sup\u00e9rieures des [&hellip;]<\/p>\n","protected":false},"author":3,"featured_media":0,"parent":0,"menu_order":0,"comment_status":"closed","ping_status":"closed","template":"","meta":{"_acf_changed":false,"om_disable_all_campaigns":false,"_monsterinsights_skip_tracking":false,"_monsterinsights_sitenote_active":false,"_monsterinsights_sitenote_note":"","_monsterinsights_sitenote_category":0,"footnotes":""},"class_list":["post-1395","page","type-page","status-publish","hentry"],"acf":[],"aioseo_notices":[],"_links":{"self":[{"href":"https:\/\/www.sdfas.org\/fr\/wp-json\/wp\/v2\/pages\/1395","targetHints":{"allow":["GET"]}}],"collection":[{"href":"https:\/\/www.sdfas.org\/fr\/wp-json\/wp\/v2\/pages"}],"about":[{"href":"https:\/\/www.sdfas.org\/fr\/wp-json\/wp\/v2\/types\/page"}],"author":[{"embeddable":true,"href":"https:\/\/www.sdfas.org\/fr\/wp-json\/wp\/v2\/users\/3"}],"replies":[{"embeddable":true,"href":"https:\/\/www.sdfas.org\/fr\/wp-json\/wp\/v2\/comments?post=1395"}],"version-history":[{"count":0,"href":"https:\/\/www.sdfas.org\/fr\/wp-json\/wp\/v2\/pages\/1395\/revisions"}],"wp:attachment":[{"href":"https:\/\/www.sdfas.org\/fr\/wp-json\/wp\/v2\/media?parent=1395"}],"curies":[{"name":"wp","href":"https:\/\/api.w.org\/{rel}","templated":true}]}}