{"id":1397,"date":"2023-02-08T20:55:40","date_gmt":"2023-02-09T04:55:40","guid":{"rendered":"https:\/\/sdfas.wpengine.com\/anciens-eleves\/"},"modified":"2024-11-26T10:30:03","modified_gmt":"2024-11-26T18:30:03","slug":"anciens-eleves","status":"publish","type":"page","link":"https:\/\/www.sdfas.org\/fr\/inscription\/anciens-eleves\/","title":{"rendered":"Anciens \u00e9l\u00e8ves"},"content":{"rendered":"\t\t<div data-elementor-type=\"wp-page\" data-elementor-id=\"1397\" class=\"elementor elementor-1397 elementor-476\" data-elementor-post-type=\"page\">\n\t\t\t\t\t\t<section class=\"elementor-section elementor-top-section elementor-element elementor-element-45f24ad sec-text elementor-section-boxed elementor-section-height-default elementor-section-height-default\" data-id=\"45f24ad\" data-element_type=\"section\" data-e-type=\"section\">\n\t\t\t\t\t\t<div class=\"elementor-container elementor-column-gap-default\">\n\t\t\t\t\t<div class=\"elementor-column elementor-col-100 elementor-top-column elementor-element elementor-element-a2c8ca7\" data-id=\"a2c8ca7\" data-element_type=\"column\" data-e-type=\"column\">\n\t\t\t<div class=\"elementor-widget-wrap elementor-element-populated\">\n\t\t\t\t\t\t<div class=\"elementor-element elementor-element-9f6b3e0 intro elementor-widget elementor-widget-heading\" data-id=\"9f6b3e0\" data-element_type=\"widget\" data-e-type=\"widget\" data-widget_type=\"heading.default\">\n\t\t\t\t<div class=\"elementor-widget-container\">\n\t\t\t\t\t<div class=\"elementor-heading-title elementor-size-default\">Anciens \u00e9l\u00e8ves<\/div>\t\t\t\t<\/div>\n\t\t\t\t<\/div>\n\t\t\t\t<div class=\"elementor-element elementor-element-4eef375 elementor-widget elementor-widget-heading\" data-id=\"4eef375\" data-element_type=\"widget\" data-e-type=\"widget\" data-widget_type=\"heading.default\">\n\t\t\t\t<div class=\"elementor-widget-container\">\n\t\t\t\t\t<h1 class=\"elementor-heading-title elementor-size-default\">Etes-vous un(e) ancien(ne) \u00e9l\u00e8ve de l'Ecole franco-am\u00e9ricaine de San Diego ?<\/h1>\t\t\t\t<\/div>\n\t\t\t\t<\/div>\n\t\t\t\t\t<\/div>\n\t\t<\/div>\n\t\t\t\t\t<\/div>\n\t\t<\/section>\n\t\t\t\t<section class=\"elementor-section elementor-top-section elementor-element elementor-element-cee0c84 sec-text elementor-section-boxed elementor-section-height-default elementor-section-height-default\" data-id=\"cee0c84\" data-element_type=\"section\" data-e-type=\"section\">\n\t\t\t\t\t\t<div class=\"elementor-container elementor-column-gap-default\">\n\t\t\t\t\t<div class=\"elementor-column elementor-col-100 elementor-top-column elementor-element elementor-element-0ade09b\" data-id=\"0ade09b\" data-element_type=\"column\" data-e-type=\"column\">\n\t\t\t<div class=\"elementor-widget-wrap elementor-element-populated\">\n\t\t\t\t\t\t<div class=\"elementor-element elementor-element-3edf45b elementor-widget elementor-widget-text-editor\" data-id=\"3edf45b\" data-element_type=\"widget\" data-e-type=\"widget\" data-widget_type=\"text-editor.default\">\n\t\t\t\t<div class=\"elementor-widget-container\">\n\t\t\t\t\t\t\t\t\t<p>Merci de prendre quelques minutes pour nous communiquer vos coordonn\u00e9es en utilisant le formulaire : <a href=\"https:\/\/docs.google.com\/forms\/d\/e\/1FAIpQLSdfHlHZRJJqeROxCo2uN8OtT6pZR18hZ5ATWeGdcnZ8Gv8zoA\/viewform\" target=\"_blank\" rel=\"noopener\">Formulaire d&rsquo;information sur les anciens \u00e9l\u00e8ves de l&rsquo;\u00e9cole franco-am\u00e9ricaine de San Diego<\/a>.<\/p>\n\t\t\t\t\t\t\t\t<\/div>\n\t\t\t\t<\/div>\n\t\t\t\t\t<\/div>\n\t\t<\/div>\n\t\t\t\t\t<\/div>\n\t\t<\/section>\n\t\t\t\t<section class=\"elementor-section elementor-top-section elementor-element elementor-element-468583d sec-text elementor-section-boxed elementor-section-height-default elementor-section-height-default\" data-id=\"468583d\" data-element_type=\"section\" data-e-type=\"section\">\n\t\t\t\t\t\t<div class=\"elementor-container elementor-column-gap-default\">\n\t\t\t\t\t<div class=\"elementor-column elementor-col-100 elementor-top-column elementor-element elementor-element-948ed16\" data-id=\"948ed16\" data-element_type=\"column\" data-e-type=\"column\">\n\t\t\t<div class=\"elementor-widget-wrap elementor-element-populated\">\n\t\t\t\t\t\t<div class=\"elementor-element elementor-element-a92c28f elementor-widget elementor-widget-heading\" data-id=\"a92c28f\" data-element_type=\"widget\" data-e-type=\"widget\" data-widget_type=\"heading.default\">\n\t\t\t\t<div class=\"elementor-widget-container\">\n\t\t\t\t\t<h3 class=\"elementor-heading-title elementor-size-default\">Comp\u00e9tences en mati\u00e8re de leadership<\/h3>\t\t\t\t<\/div>\n\t\t\t\t<\/div>\n\t\t\t\t<div class=\"elementor-element elementor-element-0009d67 elementor-widget elementor-widget-text-editor\" data-id=\"0009d67\" data-element_type=\"widget\" data-e-type=\"widget\" data-widget_type=\"text-editor.default\">\n\t\t\t\t<div class=\"elementor-widget-container\">\n\t\t\t\t\t\t\t\t\t<p>Apr\u00e8s avoir quitt\u00e9 l&rsquo;\u00e9cole franco-am\u00e9ricaine de San Diego pour obtenir un dipl\u00f4me de baccalaur\u00e9at international ou avoir particip\u00e9 avec succ\u00e8s aux programmes Advanced Placement du lyc\u00e9e, ils ont obtenu un dipl\u00f4me avec distinction dans un grand nombre de coll\u00e8ges et d&rsquo;universit\u00e9s aux \u00c9tats-Unis et \u00e0 l&rsquo;\u00e9tranger. Parmi celles-ci figurent l&rsquo;Universit\u00e9 McGill au Qu\u00e9bec, La Sorbonne \u00e0 Paris, Stanford, Harvard, MIT, Columbia, NYU et de nombreuses universit\u00e9s du syst\u00e8me de l&rsquo;Universit\u00e9 de Californie (Berkeley, UCLA, UCSD) ou de l&rsquo;Universit\u00e9 d&rsquo;\u00c9tat de Californie (SDSU, Cal Poly St. Luis Obispo). Certains ont obtenu plusieurs masters ou suivent des programmes de doctorat. Nos anciens \u00e9l\u00e8ves de la fin des ann\u00e9es 80 et du d\u00e9but des ann\u00e9es 90 travaillent aujourd&rsquo;hui dans le monde entier, m\u00e8nent une vie bien remplie en tant que citoyens du monde et apportent leur contribution \u00e0 la soci\u00e9t\u00e9. Les anciens \u00e9l\u00e8ves du SDFAS partagent un lien sp\u00e9cial entre eux et nombre d&rsquo;entre eux restent en contact tout au long de leur scolarit\u00e9, \u00e0 l&rsquo;universit\u00e9 et au-del\u00e0. Tous les deux ans, l&rsquo;\u00e9cole organise une r\u00e9union au cours de laquelle les \u00e9l\u00e8ves se retrouvent pour partager leurs souvenirs, consulter les anciens annuaires et renouer des liens d&rsquo;amiti\u00e9.<\/p>\n\t\t\t\t\t\t\t\t<\/div>\n\t\t\t\t<\/div>\n\t\t\t\t\t<\/div>\n\t\t<\/div>\n\t\t\t\t\t<\/div>\n\t\t<\/section>\n\t\t\t\t<section class=\"elementor-section elementor-top-section elementor-element elementor-element-3a56abd sec-text elementor-section-boxed elementor-section-height-default elementor-section-height-default\" data-id=\"3a56abd\" data-element_type=\"section\" data-e-type=\"section\">\n\t\t\t\t\t\t<div class=\"elementor-container elementor-column-gap-default\">\n\t\t\t\t\t<div class=\"elementor-column elementor-col-100 elementor-top-column elementor-element elementor-element-cb2ef80\" data-id=\"cb2ef80\" data-element_type=\"column\" data-e-type=\"column\">\n\t\t\t<div class=\"elementor-widget-wrap elementor-element-populated\">\n\t\t\t\t\t\t<div class=\"elementor-element elementor-element-c3b3926 elementor-widget elementor-widget-heading\" data-id=\"c3b3926\" data-element_type=\"widget\" data-e-type=\"widget\" data-widget_type=\"heading.default\">\n\t\t\t\t<div class=\"elementor-widget-container\">\n\t\t\t\t\t<h3 class=\"elementor-heading-title elementor-size-default\">Les anciens \u00e9l\u00e8ves \u00e0 l'honneur<\/h3>\t\t\t\t<\/div>\n\t\t\t\t<\/div>\n\t\t\t\t<div class=\"elementor-element elementor-element-421cfc9 elementor-widget elementor-widget-text-editor\" data-id=\"421cfc9\" data-element_type=\"widget\" data-e-type=\"widget\" data-widget_type=\"text-editor.default\">\n\t\t\t\t<div class=\"elementor-widget-container\">\n\t\t\t\t\t\t\t\t\t<p>(cliquez <a href=\"https:\/\/artsci.washington.edu\/news\/2020-06\/paris-penguins\" target=\"_blank\" rel=\"noopener\">ici<\/a> ou sur la photo d&rsquo;Anna ci-dessous)<\/p>\n\t\t\t\t\t\t\t\t<\/div>\n\t\t\t\t<\/div>\n\t\t\t\t\t<\/div>\n\t\t<\/div>\n\t\t\t\t\t<\/div>\n\t\t<\/section>\n\t\t\t\t<section class=\"elementor-section elementor-top-section elementor-element elementor-element-051cb2d elementor-section-boxed elementor-section-height-default elementor-section-height-default\" data-id=\"051cb2d\" data-element_type=\"section\" data-e-type=\"section\">\n\t\t\t\t\t\t<div class=\"elementor-container elementor-column-gap-no\">\n\t\t\t\t\t<div class=\"elementor-column elementor-col-100 elementor-top-column elementor-element elementor-element-22b3dbb\" data-id=\"22b3dbb\" data-element_type=\"column\" data-e-type=\"column\">\n\t\t\t<div class=\"elementor-widget-wrap elementor-element-populated\">\n\t\t\t\t\t\t<div class=\"elementor-element elementor-element-b41b852 elementor-widget elementor-widget-image\" data-id=\"b41b852\" data-element_type=\"widget\" data-e-type=\"widget\" data-widget_type=\"image.default\">\n\t\t\t\t<div class=\"elementor-widget-container\">\n\t\t\t\t\t\t\t\t\t\t\t\t\t\t\t\t<a href=\"https:\/\/artsci.washington.edu\/news\/2020-06\/paris-penguins\" target=\"_blank\">\n\t\t\t\t\t\t\t<img fetchpriority=\"high\" decoding=\"async\" width=\"1536\" height=\"864\" src=\"https:\/\/www.sdfas.org\/wp-content\/uploads\/2023\/02\/alumni-anna.png\" class=\"attachment-full size-full wp-image-838\" alt=\"\" srcset=\"https:\/\/www.sdfas.org\/wp-content\/uploads\/2023\/02\/alumni-anna.png 1536w, https:\/\/www.sdfas.org\/wp-content\/uploads\/2023\/02\/alumni-anna-300x169.png 300w, https:\/\/www.sdfas.org\/wp-content\/uploads\/2023\/02\/alumni-anna-1024x576.png 1024w, https:\/\/www.sdfas.org\/wp-content\/uploads\/2023\/02\/alumni-anna-768x432.png 768w\" sizes=\"(max-width: 1536px) 100vw, 1536px\" \/>\t\t\t\t\t\t\t\t<\/a>\n\t\t\t\t\t\t\t\t\t\t\t\t\t\t\t<\/div>\n\t\t\t\t<\/div>\n\t\t\t\t\t<\/div>\n\t\t<\/div>\n\t\t\t\t\t<\/div>\n\t\t<\/section>\n\t\t\t\t<section class=\"elementor-section elementor-top-section elementor-element elementor-element-b1098cc sec-text back-shape bs-blue elementor-section-content-middle elementor-section-boxed elementor-section-height-default elementor-section-height-default\" data-id=\"b1098cc\" data-element_type=\"section\" data-e-type=\"section\" data-settings=\"{&quot;background_background&quot;:&quot;classic&quot;,&quot;shape_divider_top&quot;:&quot;triangle&quot;,&quot;shape_divider_bottom&quot;:&quot;triangle&quot;}\">\n\t\t\t\t\t<div class=\"elementor-shape elementor-shape-top\" aria-hidden=\"true\" data-negative=\"false\">\n\t\t\t<svg xmlns=\"http:\/\/www.w3.org\/2000\/svg\" viewBox=\"0 0 1000 100\" preserveAspectRatio=\"none\">\n\t<path class=\"elementor-shape-fill\" d=\"M500,98.9L0,6.1V0h1000v6.1L500,98.9z\"\/>\n<\/svg>\t\t<\/div>\n\t\t\t\t<div class=\"elementor-shape elementor-shape-bottom\" aria-hidden=\"true\" data-negative=\"false\">\n\t\t\t<svg xmlns=\"http:\/\/www.w3.org\/2000\/svg\" viewBox=\"0 0 1000 100\" preserveAspectRatio=\"none\">\n\t<path class=\"elementor-shape-fill\" d=\"M500,98.9L0,6.1V0h1000v6.1L500,98.9z\"\/>\n<\/svg>\t\t<\/div>\n\t\t\t\t\t<div class=\"elementor-container elementor-column-gap-default\">\n\t\t\t\t\t<div class=\"elementor-column elementor-col-100 elementor-top-column elementor-element elementor-element-6767671\" data-id=\"6767671\" data-element_type=\"column\" data-e-type=\"column\">\n\t\t\t<div class=\"elementor-widget-wrap elementor-element-populated\">\n\t\t\t\t\t\t<div class=\"elementor-element elementor-element-d326c98 quote-purple elementor-widget elementor-widget-text-editor\" data-id=\"d326c98\" data-element_type=\"widget\" data-e-type=\"widget\" data-widget_type=\"text-editor.default\">\n\t\t\t\t<div class=\"elementor-widget-container\">\n\t\t\t\t\t\t\t\t\t<blockquote>\n<p class=\"p1\">Je pense que la possibilit\u00e9 d&rsquo;apprendre le fran\u00e7ais \u00e0 un si jeune \u00e2ge a eu un impact sur mon avenir, car cela a \u00e9t\u00e9 le point de d\u00e9part de ma participation au programme du BI \u00e0 la San Diego High School. Le fran\u00e7ais m&rsquo;a aid\u00e9 \u00e0 apprendre l&rsquo;espagnol et m&rsquo;a \u00e9galement ouvert la voie pour travailler \u00e9ventuellement dans un pays francophone. Parce que j&rsquo;ai appris le fran\u00e7ais, mes options sont plus larges en ce qui concerne les endroits o\u00f9 je peux aller.  <span style=\"color: #5b4c7d;\">Milena A., San Diego French-American School &rsquo;98 et dipl\u00f4m\u00e9e de l&rsquo;Universit\u00e9 de Harvard.  <\/span><\/p>\n<\/blockquote>\n\t\t\t\t\t\t\t\t<\/div>\n\t\t\t\t<\/div>\n\t\t\t\t\t<\/div>\n\t\t<\/div>\n\t\t\t\t\t<\/div>\n\t\t<\/section>\n\t\t\t\t<section class=\"elementor-section elementor-top-section elementor-element elementor-element-6b28081 elementor-section-boxed elementor-section-height-default elementor-section-height-default\" data-id=\"6b28081\" data-element_type=\"section\" data-e-type=\"section\">\n\t\t\t\t\t\t<div class=\"elementor-container elementor-column-gap-default\">\n\t\t\t\t\t<div class=\"elementor-column elementor-col-100 elementor-top-column elementor-element elementor-element-3fdbede\" data-id=\"3fdbede\" data-element_type=\"column\" data-e-type=\"column\">\n\t\t\t<div class=\"elementor-widget-wrap elementor-element-populated\">\n\t\t\t\t\t\t<div class=\"elementor-element elementor-element-d316b50 elementor-widget elementor-widget-spacer\" data-id=\"d316b50\" data-element_type=\"widget\" data-e-type=\"widget\" data-widget_type=\"spacer.default\">\n\t\t\t\t<div class=\"elementor-widget-container\">\n\t\t\t\t\t\t\t<div class=\"elementor-spacer\">\n\t\t\t<div class=\"elementor-spacer-inner\"><\/div>\n\t\t<\/div>\n\t\t\t\t\t\t<\/div>\n\t\t\t\t<\/div>\n\t\t\t\t\t<\/div>\n\t\t<\/div>\n\t\t\t\t\t<\/div>\n\t\t<\/section>\n\t\t\t\t<section class=\"elementor-section elementor-top-section elementor-element elementor-element-94978b1 elementor-section-boxed elementor-section-height-default elementor-section-height-default\" data-id=\"94978b1\" data-element_type=\"section\" data-e-type=\"section\">\n\t\t\t\t\t\t<div class=\"elementor-container elementor-column-gap-no\">\n\t\t\t\t\t<div class=\"elementor-column elementor-col-100 elementor-top-column elementor-element elementor-element-e102d12\" data-id=\"e102d12\" data-element_type=\"column\" data-e-type=\"column\">\n\t\t\t<div class=\"elementor-widget-wrap elementor-element-populated\">\n\t\t\t\t\t\t<div class=\"elementor-element elementor-element-515ec44 elementor-widget elementor-widget-image\" data-id=\"515ec44\" data-element_type=\"widget\" data-e-type=\"widget\" data-widget_type=\"image.default\">\n\t\t\t\t<div class=\"elementor-widget-container\">\n\t\t\t\t\t\t\t\t\t\t\t\t\t\t\t<img decoding=\"async\" src=\"https:\/\/www.sdfas.org\/wp-content\/uploads\/2023\/03\/alumni-study-where-1.svg\" class=\"attachment-full size-full wp-image-1155\" alt=\"\" \/>\t\t\t\t\t\t\t\t\t\t\t\t\t\t\t<\/div>\n\t\t\t\t<\/div>\n\t\t\t\t\t<\/div>\n\t\t<\/div>\n\t\t\t\t\t<\/div>\n\t\t<\/section>\n\t\t\t\t<section class=\"elementor-section elementor-top-section elementor-element elementor-element-4fdf278 sec-text elementor-section-boxed elementor-section-height-default elementor-section-height-default\" data-id=\"4fdf278\" data-element_type=\"section\" data-e-type=\"section\">\n\t\t\t\t\t\t<div class=\"elementor-container elementor-column-gap-default\">\n\t\t\t\t\t<div class=\"elementor-column elementor-col-100 elementor-top-column elementor-element elementor-element-b64dae8\" data-id=\"b64dae8\" data-element_type=\"column\" data-e-type=\"column\">\n\t\t\t<div class=\"elementor-widget-wrap elementor-element-populated\">\n\t\t\t\t\t\t<div class=\"elementor-element elementor-element-b5bd709 elementor-widget elementor-widget-heading\" data-id=\"b5bd709\" data-element_type=\"widget\" data-e-type=\"widget\" data-widget_type=\"heading.default\">\n\t\t\t\t<div class=\"elementor-widget-container\">\n\t\t\t\t\t<h3 class=\"elementor-heading-title elementor-size-default\">L'Ecole franco-am\u00e9ricaine de San Diego est fi\u00e8re de ses dipl\u00f4m\u00e9s !<\/h3>\t\t\t\t<\/div>\n\t\t\t\t<\/div>\n\t\t\t\t<div class=\"elementor-element elementor-element-c899479 elementor-widget elementor-widget-text-editor\" data-id=\"c899479\" data-element_type=\"widget\" data-e-type=\"widget\" data-widget_type=\"text-editor.default\">\n\t\t\t\t<div class=\"elementor-widget-container\">\n\t\t\t\t\t\t\t\t\t<p>Les anciens \u00e9l\u00e8ves de l&rsquo;\u00e9cole franco-am\u00e9ricaine de San Diego de la promotion 2015 <strong>(dipl\u00f4m\u00e9s du secondaire en 2019<\/strong>) ont fr\u00e9quent\u00e9 les \u00e9tablissements suivants :<\/p><ul><li>Accademia Vivarium Novum \u00e0 Frascati, Italie<\/li><li>Ecole H\u00f4teli\u00e8re de Lausanne, Suisse<\/li><li>Universit\u00e9 Emerson, Boston<\/li><li>Mesa College (San Diego)<\/li><li>Universit\u00e9 de Newcastle, Royaume-Uni<\/li><li>Ecole des Beaux Arts, Paris<\/li><li>Universit\u00e9 de Princeton (New Jersey)<\/li><li>Universit\u00e9 d&rsquo;\u00c9tat de San Diego (SDSU)<\/li><li>Universit\u00e9 de Tulane (Nouvelle-Orl\u00e9ans)<\/li><li>Universit\u00e9 de Californie, Berkeley<\/li><li>Universit\u00e9 de Californie, San Diego (UCSD)<\/li><li>Universidad de Monterrey, Mexique<\/li><li>Universit\u00e9 de l&rsquo;Arizona (Tucson)<\/li><li>Universit\u00e9 de Franklin, Suisse<\/li><li>Universit\u00e9 de l&rsquo;Oregon<\/li><\/ul>\t\t\t\t\t\t\t\t<\/div>\n\t\t\t\t<\/div>\n\t\t\t\t\t<\/div>\n\t\t<\/div>\n\t\t\t\t\t<\/div>\n\t\t<\/section>\n\t\t\t\t<section class=\"elementor-section elementor-top-section elementor-element elementor-element-5a29797 elementor-section-boxed elementor-section-height-default elementor-section-height-default\" data-id=\"5a29797\" data-element_type=\"section\" data-e-type=\"section\">\n\t\t\t\t\t\t<div class=\"elementor-container elementor-column-gap-no\">\n\t\t\t\t\t<div class=\"elementor-column elementor-col-100 elementor-top-column elementor-element elementor-element-93af61a\" data-id=\"93af61a\" data-element_type=\"column\" data-e-type=\"column\">\n\t\t\t<div class=\"elementor-widget-wrap elementor-element-populated\">\n\t\t\t\t\t\t<div class=\"elementor-element elementor-element-2be997c elementor-widget elementor-widget-image\" data-id=\"2be997c\" data-element_type=\"widget\" data-e-type=\"widget\" data-widget_type=\"image.default\">\n\t\t\t\t<div class=\"elementor-widget-container\">\n\t\t\t\t\t\t\t\t\t\t\t\t\t\t\t<img decoding=\"async\" src=\"https:\/\/www.sdfas.org\/wp-content\/uploads\/2023\/03\/alumni-study-what-1.svg\" class=\"attachment-full size-full wp-image-1153\" alt=\"\" \/>\t\t\t\t\t\t\t\t\t\t\t\t\t\t\t<\/div>\n\t\t\t\t<\/div>\n\t\t\t\t\t<\/div>\n\t\t<\/div>\n\t\t\t\t\t<\/div>\n\t\t<\/section>\n\t\t\t\t<section class=\"elementor-section elementor-top-section elementor-element elementor-element-a5f4f6d elementor-section-boxed elementor-section-height-default elementor-section-height-default\" data-id=\"a5f4f6d\" data-element_type=\"section\" data-e-type=\"section\">\n\t\t\t\t\t\t<div class=\"elementor-container elementor-column-gap-default\">\n\t\t\t\t\t<div class=\"elementor-column elementor-col-100 elementor-top-column elementor-element elementor-element-d05ad99\" data-id=\"d05ad99\" data-element_type=\"column\" data-e-type=\"column\">\n\t\t\t<div class=\"elementor-widget-wrap elementor-element-populated\">\n\t\t\t\t\t\t<div class=\"elementor-element elementor-element-5c2ec8b elementor-widget elementor-widget-spacer\" data-id=\"5c2ec8b\" data-element_type=\"widget\" data-e-type=\"widget\" data-widget_type=\"spacer.default\">\n\t\t\t\t<div class=\"elementor-widget-container\">\n\t\t\t\t\t\t\t<div class=\"elementor-spacer\">\n\t\t\t<div class=\"elementor-spacer-inner\"><\/div>\n\t\t<\/div>\n\t\t\t\t\t\t<\/div>\n\t\t\t\t<\/div>\n\t\t\t\t\t<\/div>\n\t\t<\/div>\n\t\t\t\t\t<\/div>\n\t\t<\/section>\n\t\t\t\t<\/div>\n\t\t","protected":false},"excerpt":{"rendered":"<p>Anciens \u00e9l\u00e8ves Etes-vous un(e) ancien(ne) \u00e9l\u00e8ve de l&rsquo;Ecole franco-am\u00e9ricaine de San Diego ? Merci de prendre quelques minutes pour nous communiquer vos coordonn\u00e9es en utilisant le formulaire : Formulaire d&rsquo;information sur les anciens \u00e9l\u00e8ves de l&rsquo;\u00e9cole franco-am\u00e9ricaine de San Diego. Comp\u00e9tences en mati\u00e8re de leadership Apr\u00e8s avoir quitt\u00e9 l&rsquo;\u00e9cole franco-am\u00e9ricaine de San Diego pour obtenir [&hellip;]<\/p>\n","protected":false},"author":3,"featured_media":0,"parent":1375,"menu_order":0,"comment_status":"closed","ping_status":"closed","template":"","meta":{"_acf_changed":false,"om_disable_all_campaigns":false,"_monsterinsights_skip_tracking":false,"_monsterinsights_sitenote_active":false,"_monsterinsights_sitenote_note":"","_monsterinsights_sitenote_category":0,"footnotes":""},"class_list":["post-1397","page","type-page","status-publish","hentry"],"acf":[],"aioseo_notices":[],"_links":{"self":[{"href":"https:\/\/www.sdfas.org\/fr\/wp-json\/wp\/v2\/pages\/1397","targetHints":{"allow":["GET"]}}],"collection":[{"href":"https:\/\/www.sdfas.org\/fr\/wp-json\/wp\/v2\/pages"}],"about":[{"href":"https:\/\/www.sdfas.org\/fr\/wp-json\/wp\/v2\/types\/page"}],"author":[{"embeddable":true,"href":"https:\/\/www.sdfas.org\/fr\/wp-json\/wp\/v2\/users\/3"}],"replies":[{"embeddable":true,"href":"https:\/\/www.sdfas.org\/fr\/wp-json\/wp\/v2\/comments?post=1397"}],"version-history":[{"count":0,"href":"https:\/\/www.sdfas.org\/fr\/wp-json\/wp\/v2\/pages\/1397\/revisions"}],"up":[{"embeddable":true,"href":"https:\/\/www.sdfas.org\/fr\/wp-json\/wp\/v2\/pages\/1375"}],"wp:attachment":[{"href":"https:\/\/www.sdfas.org\/fr\/wp-json\/wp\/v2\/media?parent=1397"}],"curies":[{"name":"wp","href":"https:\/\/api.w.org\/{rel}","templated":true}]}}